{"id":12,"date":"2017-09-18T15:56:46","date_gmt":"2017-09-18T18:56:46","guid":{"rendered":"http:\/\/www.divamaq.com.br\/site\/?page_id=12"},"modified":"2018-04-20T17:06:03","modified_gmt":"2018-04-20T20:06:03","slug":"divamaq","status":"publish","type":"page","link":"https:\/\/www.divamaq.com.br\/site\/divamaq\/","title":{"rendered":"DIVAMAQ"},"content":{"rendered":"<p>CONTATO<\/p>\n<p>A EMPRESA<\/p>\n<p>A Divamaq \u00e9 uma empresa que possui uma hist\u00f3ria de inova\u00e7\u00e3o e know-how que prospera no mercado desde 1987 na cidade de Vinhedo &#8211; SP, onde tem por excel\u00eancia a qualidade e tecnologia em seus equipamentos e servi\u00e7os.<\/p>\n<p>Atua no mercado de solu\u00e7\u00f5es em m\u00e1quinas para Embalar, Cortadeiras, Sistemas de Movimenta\u00e7\u00e3o, Transportadores e Fim de Linha, a Divamaq abrange uma gama de produtos para diversos segmentos com foco no desenvolvimento de solu\u00e7\u00f5es que melhoram a produtividade, efici\u00eancia e qualidade de opera\u00e7\u00e3o, trazendo sempre  em cada projeto inova\u00e7\u00e3o e qualidade.<\/p>\n<p>Atende renomadas empresas no mercado Nacional e Internacional do setor Saboeiro, Cosm\u00e9tico, Higiene e Limpeza, Qu\u00edmico e Aliment\u00edcio.<\/p>\n<p>Estruturada em local estrat\u00e9gico com uma \u00e1rea industrial de 5.000 m\u00b2, a Divamaq disp\u00f5e de uma equipe altamente capacitada, oferecendo o melhor atendimento desde o primeiro contato at\u00e9 o p\u00f3s-venda, com diferenciais que contribuem para gera\u00e7\u00e3o de solu\u00e7\u00f5es criativas e inovadoras, assim sendo, nossa preocupa\u00e7\u00e3o \u00e9 a plena satisfa\u00e7\u00e3o de nossos clientes.<\/p>\n<p><!-- {\"name\":\"\",\"type\":\"layout\",\"children\":[{\"name\":\"\",\"type\":\"section\",\"props\":{\"style\":\"muted\",\"width\":\"default\",\"vertical_align\":\"middle\",\"title_position\":\"top-left\",\"title_rotation\":\"left\",\"title_breakpoint\":\"xl\",\"image_position\":\"center-center\"},\"children\":[{\"name\":\"\",\"type\":\"row\",\"props\":{\"fixed_width\":\"large\",\"breakpoint\":\"m\",\"layout\":\",2-3\",\"vertical_align\":true,\"match\":true,\"width\":\"small\"},\"children\":[{\"name\":\"\",\"type\":\"column\",\"props\":{\"widths\":[\"\"],\"image_position\":\"center-center\",\"style\":\"\",\"padding\":\"small\"},\"children\":[{\"name\":\"\",\"type\":\"image\",\"props\":{\"margin\":\"remove-vertical\",\"image\":\"wp-content\\\/uploads\\\/2017\\\/09\\\/icone-divamaq.png\",\"text_align\":\"center\"}},{\"name\":\"\",\"type\":\"button\",\"props\":{\"gutter\":\"small\",\"margin\":\"default\",\"text_align\":\"center\"},\"children\":[{\"name\":\"\",\"type\":\"button_item\",\"props\":{\"button_style\":\"primary\",\"icon_align\":\"left\",\"link\":\"http:\\\/\\\/www.divamaq.com.br\\\/site\\\/fale-conosco\\\/\",\"content\":\"CONTATO\",\"icon\":\"\"}}]}]},{\"name\":\"\",\"type\":\"column\",\"props\":{\"widths\":[\"2-3\"],\"image_position\":\"center-center\"},\"children\":[{\"name\":\"\",\"type\":\"headline\",\"props\":{\"title_element\":\"h3\",\"content\":\"A EMPRESA\"}},{\"name\":\"\",\"type\":\"text\",\"props\":{\"margin\":\"default\",\"column_breakpoint\":\"m\",\"content\":\"\n\n<p>A Divamaq \\u00e9 uma empresa que possui uma hist\\u00f3ria de inova\\u00e7\\u00e3o e know-how que prospera no mercado desde 1987 na cidade de Vinhedo - SP, onde tem por excel\\u00eancia a qualidade e tecnologia em seus equipamentos e servi\\u00e7os.<\\\/p>\\n\\n\n\n<p>Atua no mercado de solu\\u00e7\\u00f5es em m\\u00e1quinas para Embalar, Cortadeiras, Sistemas de Movimenta\\u00e7\\u00e3o, Transportadores e Fim de Linha, a Divamaq abrange uma gama de produtos para diversos segmentos com foco no desenvolvimento de solu\\u00e7\\u00f5es que melhoram a produtividade, efici\\u00eancia e qualidade de opera\\u00e7\\u00e3o, trazendo sempre  em cada projeto inova\\u00e7\\u00e3o e qualidade.<\\\/p>\\n\\n\n\n<p>Atende renomadas empresas no mercado Nacional e Internacional do setor Saboeiro, Cosm\\u00e9tico, Higiene e Limpeza, Qu\\u00edmico e Aliment\\u00edcio.<\\\/p>\\n\\n\n\n<p>Estruturada em local estrat\\u00e9gico com uma \\u00e1rea industrial de 5.000 m\\u00b2, a Divamaq disp\\u00f5e de uma equipe altamente capacitada, oferecendo o melhor atendimento desde o primeiro contato at\\u00e9 o p\\u00f3s-venda, com diferenciais que contribuem para gera\\u00e7\\u00e3o de solu\\u00e7\\u00f5es criativas e inovadoras, assim sendo, nossa preocupa\\u00e7\\u00e3o \\u00e9 a plena satisfa\\u00e7\\u00e3o de nossos clientes.<\\\/p>\",\"text_align\":\"justify\"}}]}]}]}]} --><\/p>\n","protected":false},"excerpt":{"rendered":"<p>CONTATO A EMPRESA A Divamaq \u00e9 uma empresa que possui uma hist\u00f3ria de inova\u00e7\u00e3o e know-how que prospera no mercado desde 1987 na cidade de Vinhedo &#8211; SP, onde tem por excel\u00eancia a qualidade e tecnologia em seus equipamentos e servi\u00e7os. Atua no mercado de solu\u00e7\u00f5es em m\u00e1quinas para Embalar, Cortadeiras, Sistemas de Movimenta\u00e7\u00e3o, Transportadores [&hellip;]<\/p>\n","protected":false},"author":2,"featured_media":0,"parent":0,"menu_order":0,"comment_status":"closed","ping_status":"closed","template":"","meta":{"footnotes":""},"class_list":["post-12","page","type-page","status-publish","hentry"],"yoast_head":"<!-- This site is optimized with the Yoast SEO plugin v24.2 - https:\/\/yoast.com\/wordpress\/plugins\/seo\/ -->\n<title>DIVAMAQ - Divamaq<\/title>\n<meta name=\"robots\" content=\"index, follow, max-snippet:-1, max-image-preview:large, max-video-preview:-1\" \/>\n<link rel=\"canonical\" href=\"https:\/\/www.divamaq.com.br\/site\/divamaq\/\" \/>\n<meta property=\"og:locale\" content=\"pt_BR\" \/>\n<meta property=\"og:type\" content=\"article\" \/>\n<meta property=\"og:title\" content=\"DIVAMAQ - Divamaq\" \/>\n<meta property=\"og:description\" content=\"CONTATO A EMPRESA A Divamaq \u00e9 uma empresa que possui uma hist\u00f3ria de inova\u00e7\u00e3o e know-how que prospera no mercado desde 1987 na cidade de Vinhedo &#8211; SP, onde tem por excel\u00eancia a qualidade e tecnologia em seus equipamentos e servi\u00e7os. Atua no mercado de solu\u00e7\u00f5es em m\u00e1quinas para Embalar, Cortadeiras, Sistemas de Movimenta\u00e7\u00e3o, Transportadores [&hellip;]\" \/>\n<meta property=\"og:url\" content=\"https:\/\/www.divamaq.com.br\/site\/divamaq\/\" \/>\n<meta property=\"og:site_name\" content=\"Divamaq\" \/>\n<meta property=\"article:publisher\" content=\"https:\/\/www.facebook.com\/divamaq\/\" \/>\n<meta property=\"article:modified_time\" content=\"2018-04-20T20:06:03+00:00\" \/>\n<meta name=\"twitter:card\" content=\"summary_large_image\" \/>\n<meta name=\"twitter:label1\" content=\"Est. tempo de leitura\" \/>\n\t<meta name=\"twitter:data1\" content=\"1 minuto\" \/>\n<script type=\"application\/ld+json\" class=\"yoast-schema-graph\">{\"@context\":\"https:\/\/schema.org\",\"@graph\":[{\"@type\":\"WebPage\",\"@id\":\"https:\/\/www.divamaq.com.br\/site\/divamaq\/\",\"url\":\"https:\/\/www.divamaq.com.br\/site\/divamaq\/\",\"name\":\"DIVAMAQ - Divamaq\",\"isPartOf\":{\"@id\":\"https:\/\/www.divamaq.com.br\/site\/#website\"},\"datePublished\":\"2017-09-18T18:56:46+00:00\",\"dateModified\":\"2018-04-20T20:06:03+00:00\",\"breadcrumb\":{\"@id\":\"https:\/\/www.divamaq.com.br\/site\/divamaq\/#breadcrumb\"},\"inLanguage\":\"pt-BR\",\"potentialAction\":[{\"@type\":\"ReadAction\",\"target\":[\"https:\/\/www.divamaq.com.br\/site\/divamaq\/\"]}]},{\"@type\":\"BreadcrumbList\",\"@id\":\"https:\/\/www.divamaq.com.br\/site\/divamaq\/#breadcrumb\",\"itemListElement\":[{\"@type\":\"ListItem\",\"position\":1,\"name\":\"In\u00edcio\",\"item\":\"https:\/\/www.divamaq.com.br\/site\/\"},{\"@type\":\"ListItem\",\"position\":2,\"name\":\"DIVAMAQ\"}]},{\"@type\":\"WebSite\",\"@id\":\"https:\/\/www.divamaq.com.br\/site\/#website\",\"url\":\"https:\/\/www.divamaq.com.br\/site\/\",\"name\":\"Divamaq\",\"description\":\"Sempre uma Solu\u00e7\u00e3o\",\"publisher\":{\"@id\":\"https:\/\/www.divamaq.com.br\/site\/#organization\"},\"potentialAction\":[{\"@type\":\"SearchAction\",\"target\":{\"@type\":\"EntryPoint\",\"urlTemplate\":\"https:\/\/www.divamaq.com.br\/site\/?s={search_term_string}\"},\"query-input\":{\"@type\":\"PropertyValueSpecification\",\"valueRequired\":true,\"valueName\":\"search_term_string\"}}],\"inLanguage\":\"pt-BR\"},{\"@type\":\"Organization\",\"@id\":\"https:\/\/www.divamaq.com.br\/site\/#organization\",\"name\":\"Divamaq - M\u00e1quinas para Embalar, Cortadeiras, Sistemas de Movimenta\u00e7\u00e3o, Transportadores e Fim de Linha\",\"url\":\"https:\/\/www.divamaq.com.br\/site\/\",\"logo\":{\"@type\":\"ImageObject\",\"inLanguage\":\"pt-BR\",\"@id\":\"https:\/\/www.divamaq.com.br\/site\/#\/schema\/logo\/image\/\",\"url\":\"https:\/\/www.divamaq.com.br\/site\/wp-content\/uploads\/2017\/09\/dmq-logo-cor-mobile.png\",\"contentUrl\":\"https:\/\/www.divamaq.com.br\/site\/wp-content\/uploads\/2017\/09\/dmq-logo-cor-mobile.png\",\"width\":120,\"height\":30,\"caption\":\"Divamaq - M\u00e1quinas para Embalar, Cortadeiras, Sistemas de Movimenta\u00e7\u00e3o, Transportadores e Fim de Linha\"},\"image\":{\"@id\":\"https:\/\/www.divamaq.com.br\/site\/#\/schema\/logo\/image\/\"},\"sameAs\":[\"https:\/\/www.facebook.com\/divamaq\/\",\"https:\/\/www.youtube.com\/user\/divamaq\/featured\"]}]}<\/script>\n<!-- \/ Yoast SEO plugin. -->","yoast_head_json":{"title":"DIVAMAQ - Divamaq","robots":{"index":"index","follow":"follow","max-snippet":"max-snippet:-1","max-image-preview":"max-image-preview:large","max-video-preview":"max-video-preview:-1"},"canonical":"https:\/\/www.divamaq.com.br\/site\/divamaq\/","og_locale":"pt_BR","og_type":"article","og_title":"DIVAMAQ - Divamaq","og_description":"CONTATO A EMPRESA A Divamaq \u00e9 uma empresa que possui uma hist\u00f3ria de inova\u00e7\u00e3o e know-how que prospera no mercado desde 1987 na cidade de Vinhedo &#8211; SP, onde tem por excel\u00eancia a qualidade e tecnologia em seus equipamentos e servi\u00e7os. Atua no mercado de solu\u00e7\u00f5es em m\u00e1quinas para Embalar, Cortadeiras, Sistemas de Movimenta\u00e7\u00e3o, Transportadores [&hellip;]","og_url":"https:\/\/www.divamaq.com.br\/site\/divamaq\/","og_site_name":"Divamaq","article_publisher":"https:\/\/www.facebook.com\/divamaq\/","article_modified_time":"2018-04-20T20:06:03+00:00","twitter_card":"summary_large_image","twitter_misc":{"Est. tempo de leitura":"1 minuto"},"schema":{"@context":"https:\/\/schema.org","@graph":[{"@type":"WebPage","@id":"https:\/\/www.divamaq.com.br\/site\/divamaq\/","url":"https:\/\/www.divamaq.com.br\/site\/divamaq\/","name":"DIVAMAQ - Divamaq","isPartOf":{"@id":"https:\/\/www.divamaq.com.br\/site\/#website"},"datePublished":"2017-09-18T18:56:46+00:00","dateModified":"2018-04-20T20:06:03+00:00","breadcrumb":{"@id":"https:\/\/www.divamaq.com.br\/site\/divamaq\/#breadcrumb"},"inLanguage":"pt-BR","potentialAction":[{"@type":"ReadAction","target":["https:\/\/www.divamaq.com.br\/site\/divamaq\/"]}]},{"@type":"BreadcrumbList","@id":"https:\/\/www.divamaq.com.br\/site\/divamaq\/#breadcrumb","itemListElement":[{"@type":"ListItem","position":1,"name":"In\u00edcio","item":"https:\/\/www.divamaq.com.br\/site\/"},{"@type":"ListItem","position":2,"name":"DIVAMAQ"}]},{"@type":"WebSite","@id":"https:\/\/www.divamaq.com.br\/site\/#website","url":"https:\/\/www.divamaq.com.br\/site\/","name":"Divamaq","description":"Sempre uma Solu\u00e7\u00e3o","publisher":{"@id":"https:\/\/www.divamaq.com.br\/site\/#organization"},"potentialAction":[{"@type":"SearchAction","target":{"@type":"EntryPoint","urlTemplate":"https:\/\/www.divamaq.com.br\/site\/?s={search_term_string}"},"query-input":{"@type":"PropertyValueSpecification","valueRequired":true,"valueName":"search_term_string"}}],"inLanguage":"pt-BR"},{"@type":"Organization","@id":"https:\/\/www.divamaq.com.br\/site\/#organization","name":"Divamaq - M\u00e1quinas para Embalar, Cortadeiras, Sistemas de Movimenta\u00e7\u00e3o, Transportadores e Fim de Linha","url":"https:\/\/www.divamaq.com.br\/site\/","logo":{"@type":"ImageObject","inLanguage":"pt-BR","@id":"https:\/\/www.divamaq.com.br\/site\/#\/schema\/logo\/image\/","url":"https:\/\/www.divamaq.com.br\/site\/wp-content\/uploads\/2017\/09\/dmq-logo-cor-mobile.png","contentUrl":"https:\/\/www.divamaq.com.br\/site\/wp-content\/uploads\/2017\/09\/dmq-logo-cor-mobile.png","width":120,"height":30,"caption":"Divamaq - M\u00e1quinas para Embalar, Cortadeiras, Sistemas de Movimenta\u00e7\u00e3o, Transportadores e Fim de Linha"},"image":{"@id":"https:\/\/www.divamaq.com.br\/site\/#\/schema\/logo\/image\/"},"sameAs":["https:\/\/www.facebook.com\/divamaq\/","https:\/\/www.youtube.com\/user\/divamaq\/featured"]}]}},"_links":{"self":[{"href":"https:\/\/www.divamaq.com.br\/site\/wp-json\/wp\/v2\/pages\/12","targetHints":{"allow":["GET"]}}],"collection":[{"href":"https:\/\/www.divamaq.com.br\/site\/wp-json\/wp\/v2\/pages"}],"about":[{"href":"https:\/\/www.divamaq.com.br\/site\/wp-json\/wp\/v2\/types\/page"}],"author":[{"embeddable":true,"href":"https:\/\/www.divamaq.com.br\/site\/wp-json\/wp\/v2\/users\/2"}],"replies":[{"embeddable":true,"href":"https:\/\/www.divamaq.com.br\/site\/wp-json\/wp\/v2\/comments?post=12"}],"version-history":[{"count":23,"href":"https:\/\/www.divamaq.com.br\/site\/wp-json\/wp\/v2\/pages\/12\/revisions"}],"predecessor-version":[{"id":523,"href":"https:\/\/www.divamaq.com.br\/site\/wp-json\/wp\/v2\/pages\/12\/revisions\/523"}],"wp:attachment":[{"href":"https:\/\/www.divamaq.com.br\/site\/wp-json\/wp\/v2\/media?parent=12"}],"curies":[{"name":"wp","href":"https:\/\/api.w.org\/{rel}","templated":true}]}}