{"id":16,"date":"2017-09-18T15:57:22","date_gmt":"2017-09-18T18:57:22","guid":{"rendered":"http:\/\/www.divamaq.com.br\/site\/?page_id=16"},"modified":"2017-11-13T17:56:10","modified_gmt":"2017-11-13T19:56:10","slug":"servicos","status":"publish","type":"page","link":"https:\/\/www.divamaq.com.br\/site\/servicos\/","title":{"rendered":"SERVI\u00c7OS"},"content":{"rendered":"<p>SERVI\u00c7OS<\/p>\n<p>Especializada em solu\u00e7\u00f5es para sistemas de automa\u00e7\u00e3o e controle de processos industriais, a Divamaq desenvolve projetos para atender aos mais diversos segmentos. A estrutura de engenharia conta com softwares de \u00faltima gera\u00e7\u00e3o e uma experiente equipe t\u00e9cnica sintonizada com as novas tend\u00eancias e exig\u00eancias do mercado.<\/p>\n<p>A Divamaq presta servi\u00e7os de usinagem, manuten\u00e7\u00e3o de pe\u00e7as, servi\u00e7os de montagem e manuten\u00e7\u00e3o de m\u00e1quinas in loco, garantindo a qualidade e efici\u00eancia do funcionamento das linhas produtivas. Possui ferramentaria pr\u00f3pria, bem equipada e apoiada pela tecnologia de seus centros de usinagem (CNC) e diversas m\u00e1quinas convencionais.<\/p>\n<p>Realiza reforma e retrofit de m\u00e1quinas obtendo assim o m\u00e1ximo de funcionamento e de uma forma inteligente e ideal para o sistema produtivo.<\/p>\n<p>Conta tamb\u00e9m com estrutura de Assist\u00eancia T\u00e9cnica, com t\u00e9cnicos experientes e qualificados. Proporciona aos seus clientes atendimento r\u00e1pido e eficiente, garantindo a pronta retomada de sua produ\u00e7\u00e3o.<\/p>\n<p><!-- {\"name\":\"\",\"type\":\"layout\",\"children\":[{\"name\":\"\",\"type\":\"section\",\"props\":{\"style\":\"muted\",\"width\":\"default\",\"vertical_align\":\"middle\",\"title_position\":\"top-left\",\"title_rotation\":\"left\",\"title_breakpoint\":\"xl\",\"image_position\":\"center-center\",\"padding_remove_top\":false,\"padding\":\"small\"},\"children\":[{\"name\":\"\",\"type\":\"row\",\"props\":{\"fixed_width\":\"large\",\"breakpoint\":\"m\",\"layout\":\"1-1\"},\"children\":[{\"name\":\"\",\"type\":\"column\",\"props\":{\"widths\":[\"1-1\"],\"image_position\":\"center-center\"},\"children\":[{\"name\":\"\",\"type\":\"headline\",\"props\":{\"title_element\":\"h2\",\"content\":\"SERVI\\u00c7OS\",\"title_style\":\"h2\",\"title_decoration\":\"line\",\"title_color\":\"primary\",\"text_align\":\"center\"}},{\"name\":\"\",\"type\":\"grid\",\"props\":{\"show_title\":true,\"show_meta\":true,\"show_content\":true,\"show_image\":true,\"show_link\":true,\"grid_default\":\"1\",\"grid_medium\":\"2\",\"title_element\":\"h4\",\"meta_style\":\"meta\",\"meta_align\":\"bottom\",\"icon_ratio\":4,\"image_align\":\"top\",\"image_grid_width\":\"1-2\",\"image_breakpoint\":\"m\",\"link_text\":\"Read more\",\"link_style\":\"default\",\"margin\":\"default\",\"panel_style\":\"card-default\",\"title_style\":\"h4\",\"title_decoration\":\"divider\",\"title_color\":\"primary\",\"text_align\":\"justify\"},\"children\":[{\"name\":\"\",\"type\":\"grid_item\",\"props\":{\"title\":\"Desenvolvimento de Projetos\",\"content\":\"Especializada em solu\\u00e7\\u00f5es para sistemas de automa\\u00e7\\u00e3o e controle de processos industriais, a Divamaq desenvolve projetos para atender aos mais diversos segmentos. A estrutura de engenharia conta com softwares de \\u00faltima gera\\u00e7\\u00e3o e uma experiente equipe t\\u00e9cnica sintonizada com as novas tend\\u00eancias e exig\\u00eancias do mercado.\",\"image\":\"wp-content\\\/uploads\\\/2017\\\/09\\\/servicos-001.jpg\"}},{\"name\":\"\",\"type\":\"grid_item\",\"props\":{\"title\":\"Usinagem, Montagem e Manuten\\u00e7\\u00e3o\",\"content\":\"A Divamaq presta servi\\u00e7os de usinagem, manuten\\u00e7\\u00e3o de pe\\u00e7as, servi\\u00e7os de montagem e manuten\\u00e7\\u00e3o de m\\u00e1quinas in loco, garantindo a qualidade e efici\\u00eancia do funcionamento das linhas produtivas. Possui ferramentaria pr\\u00f3pria, bem equipada e apoiada pela tecnologia de seus centros de usinagem (CNC) e diversas m\\u00e1quinas convencionais.\",\"image\":\"wp-content\\\/uploads\\\/2017\\\/09\\\/servicos-002.jpg\"}},{\"name\":\"\",\"type\":\"grid_item\",\"props\":{\"title\":\"Reformas e Retrofit\",\"content\":\"Realiza reforma e retrofit de m\\u00e1quinas obtendo assim o m\\u00e1ximo de funcionamento e de uma forma inteligente e ideal para o sistema produtivo.\",\"image\":\"wp-content\\\/uploads\\\/2017\\\/09\\\/servicos-003.jpg\"}},{\"name\":\"\",\"type\":\"grid_item\",\"props\":{\"title\":\"Assist\\u00eancia T\\u00e9cnica\",\"content\":\"Conta tamb\\u00e9m com estrutura de Assist\\u00eancia T\\u00e9cnica, com t\\u00e9cnicos experientes e qualificados. Proporciona aos seus clientes atendimento r\\u00e1pido e eficiente, garantindo a pronta retomada de sua produ\\u00e7\\u00e3o.\",\"image\":\"wp-content\\\/uploads\\\/2017\\\/09\\\/servicos-004.jpg\"}}]}]}]}]}]} --><\/p>\n","protected":false},"excerpt":{"rendered":"<p>SERVI\u00c7OS Especializada em solu\u00e7\u00f5es para sistemas de automa\u00e7\u00e3o e controle de processos industriais, a Divamaq desenvolve projetos para atender aos mais diversos segmentos. A estrutura de engenharia conta com softwares de \u00faltima gera\u00e7\u00e3o e uma experiente equipe t\u00e9cnica sintonizada com as novas tend\u00eancias e exig\u00eancias do mercado. A Divamaq presta servi\u00e7os de usinagem, manuten\u00e7\u00e3o de [&hellip;]<\/p>\n","protected":false},"author":2,"featured_media":0,"parent":0,"menu_order":0,"comment_status":"closed","ping_status":"closed","template":"","meta":{"footnotes":""},"class_list":["post-16","page","type-page","status-publish","hentry"],"yoast_head":"<!-- This site is optimized with the Yoast SEO plugin v24.2 - https:\/\/yoast.com\/wordpress\/plugins\/seo\/ -->\n<title>SERVI\u00c7OS - Divamaq<\/title>\n<meta name=\"robots\" content=\"index, follow, max-snippet:-1, max-image-preview:large, max-video-preview:-1\" \/>\n<link rel=\"canonical\" href=\"https:\/\/www.divamaq.com.br\/site\/servicos\/\" \/>\n<meta property=\"og:locale\" content=\"pt_BR\" \/>\n<meta property=\"og:type\" content=\"article\" \/>\n<meta property=\"og:title\" content=\"SERVI\u00c7OS - Divamaq\" \/>\n<meta property=\"og:description\" content=\"SERVI\u00c7OS Especializada em solu\u00e7\u00f5es para sistemas de automa\u00e7\u00e3o e controle de processos industriais, a Divamaq desenvolve projetos para atender aos mais diversos segmentos. A estrutura de engenharia conta com softwares de \u00faltima gera\u00e7\u00e3o e uma experiente equipe t\u00e9cnica sintonizada com as novas tend\u00eancias e exig\u00eancias do mercado. A Divamaq presta servi\u00e7os de usinagem, manuten\u00e7\u00e3o de [&hellip;]\" \/>\n<meta property=\"og:url\" content=\"https:\/\/www.divamaq.com.br\/site\/servicos\/\" \/>\n<meta property=\"og:site_name\" content=\"Divamaq\" \/>\n<meta property=\"article:publisher\" content=\"https:\/\/www.facebook.com\/divamaq\/\" \/>\n<meta property=\"article:modified_time\" content=\"2017-11-13T19:56:10+00:00\" \/>\n<meta name=\"twitter:card\" content=\"summary_large_image\" \/>\n<meta name=\"twitter:label1\" content=\"Est. tempo de leitura\" \/>\n\t<meta name=\"twitter:data1\" content=\"1 minuto\" \/>\n<script type=\"application\/ld+json\" class=\"yoast-schema-graph\">{\"@context\":\"https:\/\/schema.org\",\"@graph\":[{\"@type\":\"WebPage\",\"@id\":\"https:\/\/www.divamaq.com.br\/site\/servicos\/\",\"url\":\"https:\/\/www.divamaq.com.br\/site\/servicos\/\",\"name\":\"SERVI\u00c7OS - Divamaq\",\"isPartOf\":{\"@id\":\"https:\/\/www.divamaq.com.br\/site\/#website\"},\"datePublished\":\"2017-09-18T18:57:22+00:00\",\"dateModified\":\"2017-11-13T19:56:10+00:00\",\"breadcrumb\":{\"@id\":\"https:\/\/www.divamaq.com.br\/site\/servicos\/#breadcrumb\"},\"inLanguage\":\"pt-BR\",\"potentialAction\":[{\"@type\":\"ReadAction\",\"target\":[\"https:\/\/www.divamaq.com.br\/site\/servicos\/\"]}]},{\"@type\":\"BreadcrumbList\",\"@id\":\"https:\/\/www.divamaq.com.br\/site\/servicos\/#breadcrumb\",\"itemListElement\":[{\"@type\":\"ListItem\",\"position\":1,\"name\":\"In\u00edcio\",\"item\":\"https:\/\/www.divamaq.com.br\/site\/\"},{\"@type\":\"ListItem\",\"position\":2,\"name\":\"SERVI\u00c7OS\"}]},{\"@type\":\"WebSite\",\"@id\":\"https:\/\/www.divamaq.com.br\/site\/#website\",\"url\":\"https:\/\/www.divamaq.com.br\/site\/\",\"name\":\"Divamaq\",\"description\":\"Sempre uma Solu\u00e7\u00e3o\",\"publisher\":{\"@id\":\"https:\/\/www.divamaq.com.br\/site\/#organization\"},\"potentialAction\":[{\"@type\":\"SearchAction\",\"target\":{\"@type\":\"EntryPoint\",\"urlTemplate\":\"https:\/\/www.divamaq.com.br\/site\/?s={search_term_string}\"},\"query-input\":{\"@type\":\"PropertyValueSpecification\",\"valueRequired\":true,\"valueName\":\"search_term_string\"}}],\"inLanguage\":\"pt-BR\"},{\"@type\":\"Organization\",\"@id\":\"https:\/\/www.divamaq.com.br\/site\/#organization\",\"name\":\"Divamaq - M\u00e1quinas para Embalar, Cortadeiras, Sistemas de Movimenta\u00e7\u00e3o, Transportadores e Fim de Linha\",\"url\":\"https:\/\/www.divamaq.com.br\/site\/\",\"logo\":{\"@type\":\"ImageObject\",\"inLanguage\":\"pt-BR\",\"@id\":\"https:\/\/www.divamaq.com.br\/site\/#\/schema\/logo\/image\/\",\"url\":\"https:\/\/www.divamaq.com.br\/site\/wp-content\/uploads\/2017\/09\/dmq-logo-cor-mobile.png\",\"contentUrl\":\"https:\/\/www.divamaq.com.br\/site\/wp-content\/uploads\/2017\/09\/dmq-logo-cor-mobile.png\",\"width\":120,\"height\":30,\"caption\":\"Divamaq - M\u00e1quinas para Embalar, Cortadeiras, Sistemas de Movimenta\u00e7\u00e3o, Transportadores e Fim de Linha\"},\"image\":{\"@id\":\"https:\/\/www.divamaq.com.br\/site\/#\/schema\/logo\/image\/\"},\"sameAs\":[\"https:\/\/www.facebook.com\/divamaq\/\",\"https:\/\/www.youtube.com\/user\/divamaq\/featured\"]}]}<\/script>\n<!-- \/ Yoast SEO plugin. -->","yoast_head_json":{"title":"SERVI\u00c7OS - Divamaq","robots":{"index":"index","follow":"follow","max-snippet":"max-snippet:-1","max-image-preview":"max-image-preview:large","max-video-preview":"max-video-preview:-1"},"canonical":"https:\/\/www.divamaq.com.br\/site\/servicos\/","og_locale":"pt_BR","og_type":"article","og_title":"SERVI\u00c7OS - Divamaq","og_description":"SERVI\u00c7OS Especializada em solu\u00e7\u00f5es para sistemas de automa\u00e7\u00e3o e controle de processos industriais, a Divamaq desenvolve projetos para atender aos mais diversos segmentos. A estrutura de engenharia conta com softwares de \u00faltima gera\u00e7\u00e3o e uma experiente equipe t\u00e9cnica sintonizada com as novas tend\u00eancias e exig\u00eancias do mercado. A Divamaq presta servi\u00e7os de usinagem, manuten\u00e7\u00e3o de [&hellip;]","og_url":"https:\/\/www.divamaq.com.br\/site\/servicos\/","og_site_name":"Divamaq","article_publisher":"https:\/\/www.facebook.com\/divamaq\/","article_modified_time":"2017-11-13T19:56:10+00:00","twitter_card":"summary_large_image","twitter_misc":{"Est. tempo de leitura":"1 minuto"},"schema":{"@context":"https:\/\/schema.org","@graph":[{"@type":"WebPage","@id":"https:\/\/www.divamaq.com.br\/site\/servicos\/","url":"https:\/\/www.divamaq.com.br\/site\/servicos\/","name":"SERVI\u00c7OS - Divamaq","isPartOf":{"@id":"https:\/\/www.divamaq.com.br\/site\/#website"},"datePublished":"2017-09-18T18:57:22+00:00","dateModified":"2017-11-13T19:56:10+00:00","breadcrumb":{"@id":"https:\/\/www.divamaq.com.br\/site\/servicos\/#breadcrumb"},"inLanguage":"pt-BR","potentialAction":[{"@type":"ReadAction","target":["https:\/\/www.divamaq.com.br\/site\/servicos\/"]}]},{"@type":"BreadcrumbList","@id":"https:\/\/www.divamaq.com.br\/site\/servicos\/#breadcrumb","itemListElement":[{"@type":"ListItem","position":1,"name":"In\u00edcio","item":"https:\/\/www.divamaq.com.br\/site\/"},{"@type":"ListItem","position":2,"name":"SERVI\u00c7OS"}]},{"@type":"WebSite","@id":"https:\/\/www.divamaq.com.br\/site\/#website","url":"https:\/\/www.divamaq.com.br\/site\/","name":"Divamaq","description":"Sempre uma Solu\u00e7\u00e3o","publisher":{"@id":"https:\/\/www.divamaq.com.br\/site\/#organization"},"potentialAction":[{"@type":"SearchAction","target":{"@type":"EntryPoint","urlTemplate":"https:\/\/www.divamaq.com.br\/site\/?s={search_term_string}"},"query-input":{"@type":"PropertyValueSpecification","valueRequired":true,"valueName":"search_term_string"}}],"inLanguage":"pt-BR"},{"@type":"Organization","@id":"https:\/\/www.divamaq.com.br\/site\/#organization","name":"Divamaq - M\u00e1quinas para Embalar, Cortadeiras, Sistemas de Movimenta\u00e7\u00e3o, Transportadores e Fim de Linha","url":"https:\/\/www.divamaq.com.br\/site\/","logo":{"@type":"ImageObject","inLanguage":"pt-BR","@id":"https:\/\/www.divamaq.com.br\/site\/#\/schema\/logo\/image\/","url":"https:\/\/www.divamaq.com.br\/site\/wp-content\/uploads\/2017\/09\/dmq-logo-cor-mobile.png","contentUrl":"https:\/\/www.divamaq.com.br\/site\/wp-content\/uploads\/2017\/09\/dmq-logo-cor-mobile.png","width":120,"height":30,"caption":"Divamaq - M\u00e1quinas para Embalar, Cortadeiras, Sistemas de Movimenta\u00e7\u00e3o, Transportadores e Fim de Linha"},"image":{"@id":"https:\/\/www.divamaq.com.br\/site\/#\/schema\/logo\/image\/"},"sameAs":["https:\/\/www.facebook.com\/divamaq\/","https:\/\/www.youtube.com\/user\/divamaq\/featured"]}]}},"_links":{"self":[{"href":"https:\/\/www.divamaq.com.br\/site\/wp-json\/wp\/v2\/pages\/16","targetHints":{"allow":["GET"]}}],"collection":[{"href":"https:\/\/www.divamaq.com.br\/site\/wp-json\/wp\/v2\/pages"}],"about":[{"href":"https:\/\/www.divamaq.com.br\/site\/wp-json\/wp\/v2\/types\/page"}],"author":[{"embeddable":true,"href":"https:\/\/www.divamaq.com.br\/site\/wp-json\/wp\/v2\/users\/2"}],"replies":[{"embeddable":true,"href":"https:\/\/www.divamaq.com.br\/site\/wp-json\/wp\/v2\/comments?post=16"}],"version-history":[{"count":3,"href":"https:\/\/www.divamaq.com.br\/site\/wp-json\/wp\/v2\/pages\/16\/revisions"}],"predecessor-version":[{"id":336,"href":"https:\/\/www.divamaq.com.br\/site\/wp-json\/wp\/v2\/pages\/16\/revisions\/336"}],"wp:attachment":[{"href":"https:\/\/www.divamaq.com.br\/site\/wp-json\/wp\/v2\/media?parent=16"}],"curies":[{"name":"wp","href":"https:\/\/api.w.org\/{rel}","templated":true}]}}