{"id":18,"date":"2017-09-18T15:57:36","date_gmt":"2017-09-18T18:57:36","guid":{"rendered":"http:\/\/www.divamaq.com.br\/site\/?page_id=18"},"modified":"2018-06-28T10:50:40","modified_gmt":"2018-06-28T13:50:40","slug":"videos","status":"publish","type":"page","link":"https:\/\/www.divamaq.com.br\/site\/videos\/","title":{"rendered":"V\u00cdDEOS"},"content":{"rendered":"<p>V\u00cdDEOS<\/p>\n<p>EMPACOTADEIRAS<\/p>\n<p>Empacotadeira Fitadeira<\/p>\n<p>Empacotadeira Shrink 80<\/p>\n<p>Empacotadeira Shrink 70<\/p>\n<p>Empacotadeira Flow Pack D200<\/p>\n<p>T\u00fanel de Encolhimento<\/p>\n<p>CORTADEIRAS<\/p>\n<p>Cortadeira Eletr\u00f4nica<\/p>\n<p>Alimentadores e Transportadores<\/p>\n<p>Sistema de Transportadores Divamaq<\/p>\n<p>Carrossel Movimentador<\/p>\n<p>Encaixotadoras<\/p>\n<p>Encaixotadora Pick and Place Bisnagas<\/p>\n<p>Encaixotadora Pick and Place<\/p>\n<p><!-- {\"name\":\"\",\"type\":\"layout\",\"children\":[{\"name\":\"\",\"type\":\"section\",\"props\":{\"style\":\"muted\",\"width\":\"default\",\"vertical_align\":\"middle\",\"title_position\":\"top-left\",\"title_rotation\":\"left\",\"title_breakpoint\":\"xl\",\"image_position\":\"center-center\",\"padding_remove_top\":false,\"padding\":\"small\"},\"children\":[{\"name\":\"\",\"type\":\"row\",\"props\":{\"fixed_width\":\"large\",\"breakpoint\":\"m\",\"layout\":\"1-1\"},\"children\":[{\"name\":\"\",\"type\":\"column\",\"props\":{\"widths\":[\"1-1\"],\"image_position\":\"center-center\"},\"children\":[{\"name\":\"\",\"type\":\"headline\",\"props\":{\"title_element\":\"h2\",\"content\":\"V\\u00cdDEOS\",\"title_style\":\"h2\",\"title_decoration\":\"line\",\"title_color\":\"primary\",\"text_align\":\"center\"}}]}]},{\"name\":\"\",\"type\":\"row\",\"props\":{\"fixed_width\":\"large\",\"breakpoint\":\"m\",\"layout\":\"1-1\"},\"children\":[{\"name\":\"\",\"type\":\"column\",\"props\":{\"widths\":[\"1-1\"],\"image_position\":\"center-center\"},\"children\":[{\"name\":\"\",\"type\":\"headline\",\"props\":{\"title_element\":\"h3\",\"content\":\"EMPACOTADEIRAS\",\"title_style\":\"h3\",\"margin\":\"remove-vertical\",\"title_decoration\":\"divider\",\"title_color\":\"primary\",\"text_align\":\"center\"}}]}]},{\"name\":\"\",\"type\":\"row\",\"props\":{\"fixed_width\":\"large\",\"breakpoint\":\"m\",\"layout\":\",,\"},\"children\":[{\"name\":\"\",\"type\":\"column\",\"props\":{\"widths\":[\"\"],\"image_position\":\"center-center\"},\"children\":[{\"name\":\"\",\"type\":\"video\",\"props\":{\"margin\":\"default\",\"video\":\"https:\\\/\\\/youtu.be\\\/3r-R5Hr6lfo\",\"video_width\":\"640\",\"video_height\":\"480\",\"video_controls\":true,\"video_box_shadow_bottom\":false,\"text_align\":\"\",\"maxwidth\":\"\"}},{\"name\":\"\",\"type\":\"headline\",\"props\":{\"title_element\":\"h5\",\"content\":\"Empacotadeira Fitadeira\",\"title_style\":\"h5\",\"margin\":\"remove-vertical\",\"text_align\":\"center\",\"title_color\":\"muted\"}}]},{\"name\":\"\",\"type\":\"column\",\"props\":{\"widths\":[\"\"],\"image_position\":\"center-center\"},\"children\":[{\"name\":\"\",\"type\":\"video\",\"props\":{\"margin\":\"default\",\"video\":\"https:\\\/\\\/youtu.be\\\/DyuYJuNAtSk\",\"video_width\":\"640\",\"video_height\":\"480\",\"video_controls\":true}},{\"name\":\"\",\"type\":\"headline\",\"props\":{\"title_element\":\"h5\",\"content\":\"Empacotadeira Shrink 80\",\"title_style\":\"h5\",\"margin\":\"remove-vertical\",\"text_align\":\"center\",\"title_color\":\"muted\"}}]},{\"name\":\"\",\"type\":\"column\",\"props\":{\"widths\":[\"\"],\"image_position\":\"center-center\"},\"children\":[{\"name\":\"\",\"type\":\"video\",\"props\":{\"margin\":\"default\",\"video\":\"https:\\\/\\\/youtu.be\\\/p1ZMnbNkPew\",\"video_width\":\"640\",\"video_height\":\"480\",\"video_controls\":true}},{\"name\":\"\",\"type\":\"headline\",\"props\":{\"title_element\":\"h5\",\"content\":\"Empacotadeira Shrink 70\",\"title_style\":\"h5\",\"margin\":\"remove-vertical\",\"text_align\":\"center\",\"title_color\":\"muted\"}}]}]},{\"name\":\"\",\"type\":\"row\",\"props\":{\"fixed_width\":\"large\",\"breakpoint\":\"m\",\"layout\":\",,\"},\"children\":[{\"name\":\"\",\"type\":\"column\",\"props\":{\"widths\":[\"\"],\"image_position\":\"center-center\"},\"children\":[{\"name\":\"\",\"type\":\"video\",\"props\":{\"margin\":\"default\",\"video\":\"https:\\\/\\\/youtu.be\\\/LdV03k89V5k\",\"video_width\":\"640\",\"video_height\":\"480\",\"video_controls\":true}},{\"name\":\"\",\"type\":\"headline\",\"props\":{\"title_element\":\"h5\",\"content\":\"Empacotadeira Flow Pack D200\",\"title_style\":\"h5\",\"margin\":\"remove-vertical\",\"text_align\":\"center\",\"title_color\":\"muted\"}}]},{\"name\":\"\",\"type\":\"column\",\"props\":{\"widths\":[\"\"],\"image_position\":\"center-center\"},\"children\":[{\"name\":\"\",\"type\":\"video\",\"props\":{\"margin\":\"default\",\"video\":\"https:\\\/\\\/youtu.be\\\/ORe5BdrUS9Y\",\"video_width\":\"640\",\"video_height\":\"480\",\"video_controls\":true}},{\"name\":\"\",\"type\":\"headline\",\"props\":{\"title_element\":\"h5\",\"content\":\"T\\u00fanel de Encolhimento\",\"title_style\":\"h5\",\"margin\":\"remove-vertical\",\"text_align\":\"center\",\"title_color\":\"muted\"}}]},{\"name\":\"\",\"type\":\"column\",\"props\":{\"widths\":[\"\"],\"image_position\":\"center-center\"}}]},{\"name\":\"\",\"type\":\"row\",\"props\":{\"fixed_width\":\"large\",\"breakpoint\":\"m\",\"layout\":\"1-1\"},\"children\":[{\"name\":\"\",\"type\":\"column\",\"props\":{\"widths\":[\"1-1\"],\"image_position\":\"center-center\"},\"children\":[{\"name\":\"\",\"type\":\"headline\",\"props\":{\"title_element\":\"h3\",\"content\":\"CORTADEIRAS\",\"title_style\":\"h3\",\"margin\":\"remove-vertical\",\"title_decoration\":\"divider\",\"title_color\":\"primary\",\"text_align\":\"center\"}}]}]},{\"name\":\"\",\"type\":\"row\",\"props\":{\"fixed_width\":\"large\",\"breakpoint\":\"m\",\"layout\":\",,\"},\"children\":[{\"name\":\"\",\"type\":\"column\",\"props\":{\"widths\":[\"\"],\"image_position\":\"center-center\"},\"children\":[{\"name\":\"\",\"type\":\"video\",\"props\":{\"margin\":\"default\",\"video\":\"https:\\\/\\\/youtu.be\\\/fHpjlwcPRXc\",\"video_width\":\"640\",\"video_height\":\"480\",\"video_controls\":true}},{\"name\":\"\",\"type\":\"headline\",\"props\":{\"title_element\":\"h5\",\"content\":\"Cortadeira Eletr\\u00f4nica\",\"title_style\":\"h5\",\"margin\":\"remove-vertical\",\"text_align\":\"center\",\"title_color\":\"muted\"}}]},{\"name\":\"\",\"type\":\"column\",\"props\":{\"widths\":[\"\"],\"image_position\":\"center-center\"}},{\"name\":\"\",\"type\":\"column\",\"props\":{\"widths\":[\"\"],\"image_position\":\"center-center\"}}]},{\"name\":\"\",\"type\":\"row\",\"props\":{\"fixed_width\":\"large\",\"breakpoint\":\"m\",\"layout\":\"1-1\"},\"children\":[{\"name\":\"\",\"type\":\"column\",\"props\":{\"widths\":[\"1-1\"],\"image_position\":\"center-center\"},\"children\":[{\"name\":\"\",\"type\":\"headline\",\"props\":{\"title_element\":\"h3\",\"content\":\"Alimentadores e Transportadores\",\"title_style\":\"h3\",\"margin\":\"remove-vertical\",\"title_decoration\":\"divider\",\"title_color\":\"primary\",\"text_align\":\"center\"}}]}]},{\"name\":\"\",\"type\":\"row\",\"props\":{\"fixed_width\":\"large\",\"breakpoint\":\"m\",\"layout\":\",,\"},\"children\":[{\"name\":\"\",\"type\":\"column\",\"props\":{\"widths\":[\"\"],\"image_position\":\"center-center\"},\"children\":[{\"name\":\"\",\"type\":\"video\",\"props\":{\"margin\":\"default\",\"video\":\"https:\\\/\\\/youtu.be\\\/ywmNwGReJsY\",\"video_width\":\"640\",\"video_height\":\"480\",\"video_controls\":true}},{\"name\":\"\",\"type\":\"headline\",\"props\":{\"title_element\":\"h5\",\"content\":\"\n\n<p>Sistema de Transportadores Divamaq<\\\/p>\",\"title_style\":\"h5\",\"margin\":\"remove-vertical\",\"text_align\":\"center\",\"title_color\":\"muted\"}}]},{\"name\":\"\",\"type\":\"column\",\"props\":{\"widths\":[\"\"],\"image_position\":\"center-center\"},\"children\":[{\"name\":\"\",\"type\":\"video\",\"props\":{\"video_controls\":true,\"margin\":\"default\",\"video\":\"https:\\\/\\\/youtu.be\\\/NemRXANjzh8\",\"video_width\":\"640\",\"video_height\":\"480\"}},{\"name\":\"\",\"type\":\"headline\",\"props\":{\"title_element\":\"h5\",\"content\":\"Carrossel Movimentador\",\"title_style\":\"h5\",\"title_color\":\"muted\",\"text_align\":\"center\",\"margin\":\"remove-vertical\"}}]},{\"name\":\"\",\"type\":\"column\",\"props\":{\"widths\":[\"\"],\"image_position\":\"center-center\"}}]},{\"name\":\"\",\"type\":\"row\",\"props\":{\"fixed_width\":\"large\",\"breakpoint\":\"m\",\"layout\":\"1-1\"},\"children\":[{\"name\":\"\",\"type\":\"column\",\"props\":{\"widths\":[\"1-1\"],\"image_position\":\"center-center\"},\"children\":[{\"name\":\"\",\"type\":\"headline\",\"props\":{\"title_element\":\"h3\",\"title_style\":\"h3\",\"title_decoration\":\"divider\",\"title_color\":\"primary\",\"text_align\":\"center\",\"margin\":\"remove-vertical\",\"content\":\"Encaixotadoras\"}}]}]},{\"name\":\"\",\"type\":\"row\",\"props\":{\"fixed_width\":\"large\",\"breakpoint\":\"m\",\"layout\":\",,\"},\"children\":[{\"name\":\"\",\"type\":\"column\",\"props\":{\"widths\":[\"\"],\"image_position\":\"center-center\"},\"children\":[{\"name\":\"\",\"type\":\"video\",\"props\":{\"video_controls\":true,\"margin\":\"default\",\"video\":\"https:\\\/\\\/youtu.be\\\/-zx1JHjjpZw\",\"video_width\":\"640\",\"video_height\":\"480\"}},{\"name\":\"\",\"type\":\"headline\",\"props\":{\"title_element\":\"h5\",\"title_style\":\"h5\",\"title_color\":\"muted\",\"text_align\":\"center\",\"margin\":\"remove-vertical\",\"content\":\"Encaixotadora Pick and Place Bisnagas\"}}]},{\"name\":\"\",\"type\":\"column\",\"props\":{\"widths\":[\"\"],\"image_position\":\"center-center\"},\"children\":[{\"name\":\"\",\"type\":\"video\",\"props\":{\"video_controls\":true,\"margin\":\"default\",\"video\":\"https:\\\/\\\/youtu.be\\\/yi7dnQdqXwQ\",\"video_width\":\"640\",\"video_height\":\"480\"}},{\"name\":\"\",\"type\":\"headline\",\"props\":{\"title_element\":\"h5\",\"title_style\":\"h5\",\"title_color\":\"muted\",\"text_align\":\"center\",\"margin\":\"remove-vertical\",\"content\":\"Encaixotadora Pick and Place\"}}]},{\"name\":\"\",\"type\":\"column\",\"props\":{\"widths\":[\"\"],\"image_position\":\"center-center\"}}]}]}]} --><\/p>\n","protected":false},"excerpt":{"rendered":"<p>V\u00cdDEOS EMPACOTADEIRAS Empacotadeira Fitadeira Empacotadeira Shrink 80 Empacotadeira Shrink 70 Empacotadeira Flow Pack D200 T\u00fanel de Encolhimento CORTADEIRAS Cortadeira Eletr\u00f4nica Alimentadores e Transportadores Sistema de Transportadores Divamaq Carrossel Movimentador Encaixotadoras Encaixotadora Pick and Place Bisnagas Encaixotadora Pick and Place<\/p>\n","protected":false},"author":2,"featured_media":0,"parent":0,"menu_order":0,"comment_status":"closed","ping_status":"closed","template":"","meta":{"footnotes":""},"class_list":["post-18","page","type-page","status-publish","hentry"],"yoast_head":"<!-- This site is optimized with the Yoast SEO plugin v24.2 - https:\/\/yoast.com\/wordpress\/plugins\/seo\/ -->\n<title>V\u00cdDEOS - Divamaq<\/title>\n<meta name=\"robots\" content=\"index, follow, max-snippet:-1, max-image-preview:large, max-video-preview:-1\" \/>\n<link rel=\"canonical\" href=\"https:\/\/www.divamaq.com.br\/site\/videos\/\" \/>\n<meta property=\"og:locale\" content=\"pt_BR\" \/>\n<meta property=\"og:type\" content=\"article\" \/>\n<meta property=\"og:title\" content=\"V\u00cdDEOS - Divamaq\" \/>\n<meta property=\"og:description\" content=\"V\u00cdDEOS EMPACOTADEIRAS Empacotadeira Fitadeira Empacotadeira Shrink 80 Empacotadeira Shrink 70 Empacotadeira Flow Pack D200 T\u00fanel de Encolhimento CORTADEIRAS Cortadeira Eletr\u00f4nica Alimentadores e Transportadores Sistema de Transportadores Divamaq Carrossel Movimentador Encaixotadoras Encaixotadora Pick and Place Bisnagas Encaixotadora Pick and Place\" \/>\n<meta property=\"og:url\" content=\"https:\/\/www.divamaq.com.br\/site\/videos\/\" \/>\n<meta property=\"og:site_name\" content=\"Divamaq\" \/>\n<meta property=\"article:publisher\" content=\"https:\/\/www.facebook.com\/divamaq\/\" \/>\n<meta property=\"article:modified_time\" content=\"2018-06-28T13:50:40+00:00\" \/>\n<meta name=\"twitter:card\" content=\"summary_large_image\" \/>\n<script type=\"application\/ld+json\" class=\"yoast-schema-graph\">{\"@context\":\"https:\/\/schema.org\",\"@graph\":[{\"@type\":\"WebPage\",\"@id\":\"https:\/\/www.divamaq.com.br\/site\/videos\/\",\"url\":\"https:\/\/www.divamaq.com.br\/site\/videos\/\",\"name\":\"V\u00cdDEOS - Divamaq\",\"isPartOf\":{\"@id\":\"https:\/\/www.divamaq.com.br\/site\/#website\"},\"datePublished\":\"2017-09-18T18:57:36+00:00\",\"dateModified\":\"2018-06-28T13:50:40+00:00\",\"breadcrumb\":{\"@id\":\"https:\/\/www.divamaq.com.br\/site\/videos\/#breadcrumb\"},\"inLanguage\":\"pt-BR\",\"potentialAction\":[{\"@type\":\"ReadAction\",\"target\":[\"https:\/\/www.divamaq.com.br\/site\/videos\/\"]}]},{\"@type\":\"BreadcrumbList\",\"@id\":\"https:\/\/www.divamaq.com.br\/site\/videos\/#breadcrumb\",\"itemListElement\":[{\"@type\":\"ListItem\",\"position\":1,\"name\":\"In\u00edcio\",\"item\":\"https:\/\/www.divamaq.com.br\/site\/\"},{\"@type\":\"ListItem\",\"position\":2,\"name\":\"V\u00cdDEOS\"}]},{\"@type\":\"WebSite\",\"@id\":\"https:\/\/www.divamaq.com.br\/site\/#website\",\"url\":\"https:\/\/www.divamaq.com.br\/site\/\",\"name\":\"Divamaq\",\"description\":\"Sempre uma Solu\u00e7\u00e3o\",\"publisher\":{\"@id\":\"https:\/\/www.divamaq.com.br\/site\/#organization\"},\"potentialAction\":[{\"@type\":\"SearchAction\",\"target\":{\"@type\":\"EntryPoint\",\"urlTemplate\":\"https:\/\/www.divamaq.com.br\/site\/?s={search_term_string}\"},\"query-input\":{\"@type\":\"PropertyValueSpecification\",\"valueRequired\":true,\"valueName\":\"search_term_string\"}}],\"inLanguage\":\"pt-BR\"},{\"@type\":\"Organization\",\"@id\":\"https:\/\/www.divamaq.com.br\/site\/#organization\",\"name\":\"Divamaq - M\u00e1quinas para Embalar, Cortadeiras, Sistemas de Movimenta\u00e7\u00e3o, Transportadores e Fim de Linha\",\"url\":\"https:\/\/www.divamaq.com.br\/site\/\",\"logo\":{\"@type\":\"ImageObject\",\"inLanguage\":\"pt-BR\",\"@id\":\"https:\/\/www.divamaq.com.br\/site\/#\/schema\/logo\/image\/\",\"url\":\"https:\/\/www.divamaq.com.br\/site\/wp-content\/uploads\/2017\/09\/dmq-logo-cor-mobile.png\",\"contentUrl\":\"https:\/\/www.divamaq.com.br\/site\/wp-content\/uploads\/2017\/09\/dmq-logo-cor-mobile.png\",\"width\":120,\"height\":30,\"caption\":\"Divamaq - M\u00e1quinas para Embalar, Cortadeiras, Sistemas de Movimenta\u00e7\u00e3o, Transportadores e Fim de Linha\"},\"image\":{\"@id\":\"https:\/\/www.divamaq.com.br\/site\/#\/schema\/logo\/image\/\"},\"sameAs\":[\"https:\/\/www.facebook.com\/divamaq\/\",\"https:\/\/www.youtube.com\/user\/divamaq\/featured\"]}]}<\/script>\n<!-- \/ Yoast SEO plugin. -->","yoast_head_json":{"title":"V\u00cdDEOS - Divamaq","robots":{"index":"index","follow":"follow","max-snippet":"max-snippet:-1","max-image-preview":"max-image-preview:large","max-video-preview":"max-video-preview:-1"},"canonical":"https:\/\/www.divamaq.com.br\/site\/videos\/","og_locale":"pt_BR","og_type":"article","og_title":"V\u00cdDEOS - Divamaq","og_description":"V\u00cdDEOS EMPACOTADEIRAS Empacotadeira Fitadeira Empacotadeira Shrink 80 Empacotadeira Shrink 70 Empacotadeira Flow Pack D200 T\u00fanel de Encolhimento CORTADEIRAS Cortadeira Eletr\u00f4nica Alimentadores e Transportadores Sistema de Transportadores Divamaq Carrossel Movimentador Encaixotadoras Encaixotadora Pick and Place Bisnagas Encaixotadora Pick and Place","og_url":"https:\/\/www.divamaq.com.br\/site\/videos\/","og_site_name":"Divamaq","article_publisher":"https:\/\/www.facebook.com\/divamaq\/","article_modified_time":"2018-06-28T13:50:40+00:00","twitter_card":"summary_large_image","schema":{"@context":"https:\/\/schema.org","@graph":[{"@type":"WebPage","@id":"https:\/\/www.divamaq.com.br\/site\/videos\/","url":"https:\/\/www.divamaq.com.br\/site\/videos\/","name":"V\u00cdDEOS - Divamaq","isPartOf":{"@id":"https:\/\/www.divamaq.com.br\/site\/#website"},"datePublished":"2017-09-18T18:57:36+00:00","dateModified":"2018-06-28T13:50:40+00:00","breadcrumb":{"@id":"https:\/\/www.divamaq.com.br\/site\/videos\/#breadcrumb"},"inLanguage":"pt-BR","potentialAction":[{"@type":"ReadAction","target":["https:\/\/www.divamaq.com.br\/site\/videos\/"]}]},{"@type":"BreadcrumbList","@id":"https:\/\/www.divamaq.com.br\/site\/videos\/#breadcrumb","itemListElement":[{"@type":"ListItem","position":1,"name":"In\u00edcio","item":"https:\/\/www.divamaq.com.br\/site\/"},{"@type":"ListItem","position":2,"name":"V\u00cdDEOS"}]},{"@type":"WebSite","@id":"https:\/\/www.divamaq.com.br\/site\/#website","url":"https:\/\/www.divamaq.com.br\/site\/","name":"Divamaq","description":"Sempre uma Solu\u00e7\u00e3o","publisher":{"@id":"https:\/\/www.divamaq.com.br\/site\/#organization"},"potentialAction":[{"@type":"SearchAction","target":{"@type":"EntryPoint","urlTemplate":"https:\/\/www.divamaq.com.br\/site\/?s={search_term_string}"},"query-input":{"@type":"PropertyValueSpecification","valueRequired":true,"valueName":"search_term_string"}}],"inLanguage":"pt-BR"},{"@type":"Organization","@id":"https:\/\/www.divamaq.com.br\/site\/#organization","name":"Divamaq - M\u00e1quinas para Embalar, Cortadeiras, Sistemas de Movimenta\u00e7\u00e3o, Transportadores e Fim de Linha","url":"https:\/\/www.divamaq.com.br\/site\/","logo":{"@type":"ImageObject","inLanguage":"pt-BR","@id":"https:\/\/www.divamaq.com.br\/site\/#\/schema\/logo\/image\/","url":"https:\/\/www.divamaq.com.br\/site\/wp-content\/uploads\/2017\/09\/dmq-logo-cor-mobile.png","contentUrl":"https:\/\/www.divamaq.com.br\/site\/wp-content\/uploads\/2017\/09\/dmq-logo-cor-mobile.png","width":120,"height":30,"caption":"Divamaq - M\u00e1quinas para Embalar, Cortadeiras, Sistemas de Movimenta\u00e7\u00e3o, Transportadores e Fim de Linha"},"image":{"@id":"https:\/\/www.divamaq.com.br\/site\/#\/schema\/logo\/image\/"},"sameAs":["https:\/\/www.facebook.com\/divamaq\/","https:\/\/www.youtube.com\/user\/divamaq\/featured"]}]}},"_links":{"self":[{"href":"https:\/\/www.divamaq.com.br\/site\/wp-json\/wp\/v2\/pages\/18","targetHints":{"allow":["GET"]}}],"collection":[{"href":"https:\/\/www.divamaq.com.br\/site\/wp-json\/wp\/v2\/pages"}],"about":[{"href":"https:\/\/www.divamaq.com.br\/site\/wp-json\/wp\/v2\/types\/page"}],"author":[{"embeddable":true,"href":"https:\/\/www.divamaq.com.br\/site\/wp-json\/wp\/v2\/users\/2"}],"replies":[{"embeddable":true,"href":"https:\/\/www.divamaq.com.br\/site\/wp-json\/wp\/v2\/comments?post=18"}],"version-history":[{"count":14,"href":"https:\/\/www.divamaq.com.br\/site\/wp-json\/wp\/v2\/pages\/18\/revisions"}],"predecessor-version":[{"id":578,"href":"https:\/\/www.divamaq.com.br\/site\/wp-json\/wp\/v2\/pages\/18\/revisions\/578"}],"wp:attachment":[{"href":"https:\/\/www.divamaq.com.br\/site\/wp-json\/wp\/v2\/media?parent=18"}],"curies":[{"name":"wp","href":"https:\/\/api.w.org\/{rel}","templated":true}]}}