{"id":184,"date":"2017-09-22T11:09:35","date_gmt":"2017-09-22T14:09:35","guid":{"rendered":"http:\/\/www.divamaq.com.br\/site\/?page_id=184"},"modified":"2017-09-22T11:37:24","modified_gmt":"2017-09-22T14:37:24","slug":"equipamentos","status":"publish","type":"page","link":"https:\/\/www.divamaq.com.br\/site\/equipamentos\/","title":{"rendered":"Equipamentos"},"content":{"rendered":"<p>EQUIPAMENTOS<\/p>\n<p><!-- {\"name\":\"\",\"type\":\"layout\",\"children\":[{\"name\":\"\",\"type\":\"section\",\"props\":{\"style\":\"muted\",\"width\":\"default\",\"vertical_align\":\"middle\",\"title_position\":\"top-left\",\"title_rotation\":\"left\",\"title_breakpoint\":\"xl\",\"image_position\":\"center-center\",\"padding_remove_top\":false,\"padding\":\"small\"},\"children\":[{\"name\":\"\",\"type\":\"row\",\"props\":{\"fixed_width\":\"large\",\"breakpoint\":\"m\",\"layout\":\"1-1\"},\"children\":[{\"name\":\"\",\"type\":\"column\",\"props\":{\"widths\":[\"1-1\"],\"image_position\":\"center-center\"},\"children\":[{\"name\":\"\",\"type\":\"headline\",\"props\":{\"title_element\":\"h2\",\"content\":\"EQUIPAMENTOS\",\"title_style\":\"h2\",\"title_decoration\":\"line\",\"title_color\":\"primary\",\"text_align\":\"center\"}},{\"name\":\"\",\"type\":\"wordpress_widget\",\"props\":{\"menu_style\":\"nav\",\"widget\":\"widgetkit-2\",\"type\":\"widgetkit\"}}]}]}]}]} --><\/p>\n","protected":false},"excerpt":{"rendered":"<p>EQUIPAMENTOS<\/p>\n","protected":false},"author":2,"featured_media":0,"parent":0,"menu_order":0,"comment_status":"closed","ping_status":"closed","template":"","meta":{"footnotes":""},"class_list":["post-184","page","type-page","status-publish","hentry"],"yoast_head":"<!-- This site is optimized with the Yoast SEO plugin v24.2 - https:\/\/yoast.com\/wordpress\/plugins\/seo\/ -->\n<title>Equipamentos - Divamaq<\/title>\n<meta name=\"robots\" content=\"index, follow, max-snippet:-1, max-image-preview:large, max-video-preview:-1\" \/>\n<link rel=\"canonical\" href=\"https:\/\/www.divamaq.com.br\/site\/equipamentos\/\" \/>\n<meta property=\"og:locale\" content=\"pt_BR\" \/>\n<meta property=\"og:type\" content=\"article\" \/>\n<meta property=\"og:title\" content=\"Equipamentos - Divamaq\" \/>\n<meta property=\"og:description\" content=\"EQUIPAMENTOS\" \/>\n<meta property=\"og:url\" content=\"https:\/\/www.divamaq.com.br\/site\/equipamentos\/\" \/>\n<meta property=\"og:site_name\" content=\"Divamaq\" \/>\n<meta property=\"article:publisher\" content=\"https:\/\/www.facebook.com\/divamaq\/\" \/>\n<meta property=\"article:modified_time\" content=\"2017-09-22T14:37:24+00:00\" \/>\n<meta name=\"twitter:card\" content=\"summary_large_image\" \/>\n<script type=\"application\/ld+json\" class=\"yoast-schema-graph\">{\"@context\":\"https:\/\/schema.org\",\"@graph\":[{\"@type\":\"WebPage\",\"@id\":\"https:\/\/www.divamaq.com.br\/site\/equipamentos\/\",\"url\":\"https:\/\/www.divamaq.com.br\/site\/equipamentos\/\",\"name\":\"Equipamentos - Divamaq\",\"isPartOf\":{\"@id\":\"https:\/\/www.divamaq.com.br\/site\/#website\"},\"datePublished\":\"2017-09-22T14:09:35+00:00\",\"dateModified\":\"2017-09-22T14:37:24+00:00\",\"breadcrumb\":{\"@id\":\"https:\/\/www.divamaq.com.br\/site\/equipamentos\/#breadcrumb\"},\"inLanguage\":\"pt-BR\",\"potentialAction\":[{\"@type\":\"ReadAction\",\"target\":[\"https:\/\/www.divamaq.com.br\/site\/equipamentos\/\"]}]},{\"@type\":\"BreadcrumbList\",\"@id\":\"https:\/\/www.divamaq.com.br\/site\/equipamentos\/#breadcrumb\",\"itemListElement\":[{\"@type\":\"ListItem\",\"position\":1,\"name\":\"In\u00edcio\",\"item\":\"https:\/\/www.divamaq.com.br\/site\/\"},{\"@type\":\"ListItem\",\"position\":2,\"name\":\"Equipamentos\"}]},{\"@type\":\"WebSite\",\"@id\":\"https:\/\/www.divamaq.com.br\/site\/#website\",\"url\":\"https:\/\/www.divamaq.com.br\/site\/\",\"name\":\"Divamaq\",\"description\":\"Sempre uma Solu\u00e7\u00e3o\",\"publisher\":{\"@id\":\"https:\/\/www.divamaq.com.br\/site\/#organization\"},\"potentialAction\":[{\"@type\":\"SearchAction\",\"target\":{\"@type\":\"EntryPoint\",\"urlTemplate\":\"https:\/\/www.divamaq.com.br\/site\/?s={search_term_string}\"},\"query-input\":{\"@type\":\"PropertyValueSpecification\",\"valueRequired\":true,\"valueName\":\"search_term_string\"}}],\"inLanguage\":\"pt-BR\"},{\"@type\":\"Organization\",\"@id\":\"https:\/\/www.divamaq.com.br\/site\/#organization\",\"name\":\"Divamaq - M\u00e1quinas para Embalar, Cortadeiras, Sistemas de Movimenta\u00e7\u00e3o, Transportadores e Fim de Linha\",\"url\":\"https:\/\/www.divamaq.com.br\/site\/\",\"logo\":{\"@type\":\"ImageObject\",\"inLanguage\":\"pt-BR\",\"@id\":\"https:\/\/www.divamaq.com.br\/site\/#\/schema\/logo\/image\/\",\"url\":\"https:\/\/www.divamaq.com.br\/site\/wp-content\/uploads\/2017\/09\/dmq-logo-cor-mobile.png\",\"contentUrl\":\"https:\/\/www.divamaq.com.br\/site\/wp-content\/uploads\/2017\/09\/dmq-logo-cor-mobile.png\",\"width\":120,\"height\":30,\"caption\":\"Divamaq - M\u00e1quinas para Embalar, Cortadeiras, Sistemas de Movimenta\u00e7\u00e3o, Transportadores e Fim de Linha\"},\"image\":{\"@id\":\"https:\/\/www.divamaq.com.br\/site\/#\/schema\/logo\/image\/\"},\"sameAs\":[\"https:\/\/www.facebook.com\/divamaq\/\",\"https:\/\/www.youtube.com\/user\/divamaq\/featured\"]}]}<\/script>\n<!-- \/ Yoast SEO plugin. -->","yoast_head_json":{"title":"Equipamentos - Divamaq","robots":{"index":"index","follow":"follow","max-snippet":"max-snippet:-1","max-image-preview":"max-image-preview:large","max-video-preview":"max-video-preview:-1"},"canonical":"https:\/\/www.divamaq.com.br\/site\/equipamentos\/","og_locale":"pt_BR","og_type":"article","og_title":"Equipamentos - Divamaq","og_description":"EQUIPAMENTOS","og_url":"https:\/\/www.divamaq.com.br\/site\/equipamentos\/","og_site_name":"Divamaq","article_publisher":"https:\/\/www.facebook.com\/divamaq\/","article_modified_time":"2017-09-22T14:37:24+00:00","twitter_card":"summary_large_image","schema":{"@context":"https:\/\/schema.org","@graph":[{"@type":"WebPage","@id":"https:\/\/www.divamaq.com.br\/site\/equipamentos\/","url":"https:\/\/www.divamaq.com.br\/site\/equipamentos\/","name":"Equipamentos - Divamaq","isPartOf":{"@id":"https:\/\/www.divamaq.com.br\/site\/#website"},"datePublished":"2017-09-22T14:09:35+00:00","dateModified":"2017-09-22T14:37:24+00:00","breadcrumb":{"@id":"https:\/\/www.divamaq.com.br\/site\/equipamentos\/#breadcrumb"},"inLanguage":"pt-BR","potentialAction":[{"@type":"ReadAction","target":["https:\/\/www.divamaq.com.br\/site\/equipamentos\/"]}]},{"@type":"BreadcrumbList","@id":"https:\/\/www.divamaq.com.br\/site\/equipamentos\/#breadcrumb","itemListElement":[{"@type":"ListItem","position":1,"name":"In\u00edcio","item":"https:\/\/www.divamaq.com.br\/site\/"},{"@type":"ListItem","position":2,"name":"Equipamentos"}]},{"@type":"WebSite","@id":"https:\/\/www.divamaq.com.br\/site\/#website","url":"https:\/\/www.divamaq.com.br\/site\/","name":"Divamaq","description":"Sempre uma Solu\u00e7\u00e3o","publisher":{"@id":"https:\/\/www.divamaq.com.br\/site\/#organization"},"potentialAction":[{"@type":"SearchAction","target":{"@type":"EntryPoint","urlTemplate":"https:\/\/www.divamaq.com.br\/site\/?s={search_term_string}"},"query-input":{"@type":"PropertyValueSpecification","valueRequired":true,"valueName":"search_term_string"}}],"inLanguage":"pt-BR"},{"@type":"Organization","@id":"https:\/\/www.divamaq.com.br\/site\/#organization","name":"Divamaq - M\u00e1quinas para Embalar, Cortadeiras, Sistemas de Movimenta\u00e7\u00e3o, Transportadores e Fim de Linha","url":"https:\/\/www.divamaq.com.br\/site\/","logo":{"@type":"ImageObject","inLanguage":"pt-BR","@id":"https:\/\/www.divamaq.com.br\/site\/#\/schema\/logo\/image\/","url":"https:\/\/www.divamaq.com.br\/site\/wp-content\/uploads\/2017\/09\/dmq-logo-cor-mobile.png","contentUrl":"https:\/\/www.divamaq.com.br\/site\/wp-content\/uploads\/2017\/09\/dmq-logo-cor-mobile.png","width":120,"height":30,"caption":"Divamaq - M\u00e1quinas para Embalar, Cortadeiras, Sistemas de Movimenta\u00e7\u00e3o, Transportadores e Fim de Linha"},"image":{"@id":"https:\/\/www.divamaq.com.br\/site\/#\/schema\/logo\/image\/"},"sameAs":["https:\/\/www.facebook.com\/divamaq\/","https:\/\/www.youtube.com\/user\/divamaq\/featured"]}]}},"_links":{"self":[{"href":"https:\/\/www.divamaq.com.br\/site\/wp-json\/wp\/v2\/pages\/184","targetHints":{"allow":["GET"]}}],"collection":[{"href":"https:\/\/www.divamaq.com.br\/site\/wp-json\/wp\/v2\/pages"}],"about":[{"href":"https:\/\/www.divamaq.com.br\/site\/wp-json\/wp\/v2\/types\/page"}],"author":[{"embeddable":true,"href":"https:\/\/www.divamaq.com.br\/site\/wp-json\/wp\/v2\/users\/2"}],"replies":[{"embeddable":true,"href":"https:\/\/www.divamaq.com.br\/site\/wp-json\/wp\/v2\/comments?post=184"}],"version-history":[{"count":2,"href":"https:\/\/www.divamaq.com.br\/site\/wp-json\/wp\/v2\/pages\/184\/revisions"}],"predecessor-version":[{"id":198,"href":"https:\/\/www.divamaq.com.br\/site\/wp-json\/wp\/v2\/pages\/184\/revisions\/198"}],"wp:attachment":[{"href":"https:\/\/www.divamaq.com.br\/site\/wp-json\/wp\/v2\/media?parent=184"}],"curies":[{"name":"wp","href":"https:\/\/api.w.org\/{rel}","templated":true}]}}