{"id":20,"date":"2017-09-18T15:58:08","date_gmt":"2017-09-18T18:58:08","guid":{"rendered":"http:\/\/www.divamaq.com.br\/site\/?page_id=20"},"modified":"2017-09-19T17:58:02","modified_gmt":"2017-09-19T20:58:02","slug":"fale-conosco","status":"publish","type":"page","link":"https:\/\/www.divamaq.com.br\/site\/fale-conosco\/","title":{"rendered":"FALE CONOSCO"},"content":{"rendered":"<p>Mande sua mensagem<\/p>\n\n<div class=\"wpcf7 no-js\" id=\"wpcf7-f83-o1\" lang=\"pt-BR\" dir=\"ltr\" data-wpcf7-id=\"83\">\n<div class=\"screen-reader-response\"><p role=\"status\" aria-live=\"polite\" aria-atomic=\"true\"><\/p> <ul><\/ul><\/div>\n<form action=\"\/site\/wp-json\/wp\/v2\/pages\/20#wpcf7-f83-o1\" method=\"post\" class=\"wpcf7-form init\" aria-label=\"Formul\u00e1rios de contato\" novalidate=\"novalidate\" data-status=\"init\">\n<div style=\"display: none;\">\n<input type=\"hidden\" name=\"_wpcf7\" value=\"83\" \/>\n<input type=\"hidden\" name=\"_wpcf7_version\" value=\"6.0.3\" \/>\n<input type=\"hidden\" name=\"_wpcf7_locale\" value=\"pt_BR\" \/>\n<input type=\"hidden\" name=\"_wpcf7_unit_tag\" value=\"wpcf7-f83-o1\" \/>\n<input type=\"hidden\" name=\"_wpcf7_container_post\" value=\"0\" \/>\n<input type=\"hidden\" name=\"_wpcf7_posted_data_hash\" value=\"\" \/>\n<input type=\"hidden\" name=\"_wpcf7_recaptcha_response\" value=\"\" \/>\n<\/div>\n<div class=\"uk-grid uk-grid-small\" uk-grid>\n\t<div class=\"uk-width-1-1\">\n\t\t<p><span class=\"wpcf7-form-control-wrap\" data-name=\"Nome\"><input size=\"40\" maxlength=\"400\" class=\"wpcf7-form-control wpcf7-text wpcf7-validates-as-required uk-input uk-width-1-1\" aria-required=\"true\" aria-invalid=\"false\" placeholder=\"Seu Nome\" value=\"\" type=\"text\" name=\"Nome\" \/><\/span>\n\t\t<\/p>\n\t<\/div>\n\t<div class=\"uk-width-1-1\">\n\t\t<p><span class=\"wpcf7-form-control-wrap\" data-name=\"Email\"><input size=\"40\" maxlength=\"400\" class=\"wpcf7-form-control wpcf7-email wpcf7-validates-as-required wpcf7-text wpcf7-validates-as-email uk-input uk-width-1-1\" aria-required=\"true\" aria-invalid=\"false\" placeholder=\"Seu Email\" value=\"\" type=\"email\" name=\"Email\" \/><\/span>\n\t\t<\/p>\n\t<\/div>\n\t<div class=\"uk-width-1-1\">\n\t\t<p><span class=\"wpcf7-form-control-wrap\" data-name=\"Cidade\"><input size=\"40\" maxlength=\"400\" class=\"wpcf7-form-control wpcf7-text uk-input uk-width-1-1\" aria-invalid=\"false\" placeholder=\"Sua Cidade\" value=\"\" type=\"text\" name=\"Cidade\" \/><\/span>\n\t\t<\/p>\n\t<\/div>\n\t<div class=\"uk-width-1-1\">\n\t\t<p><span class=\"wpcf7-form-control-wrap\" data-name=\"Fone\"><input size=\"40\" maxlength=\"400\" class=\"wpcf7-form-control wpcf7-text uk-input uk-width-1-1\" aria-invalid=\"false\" placeholder=\"Seu Telefone\" value=\"\" type=\"text\" name=\"Fone\" \/><\/span>\n\t\t<\/p>\n\t<\/div>\n\t<div class=\"uk-width-1-1\">\n\t\t<p><span class=\"wpcf7-form-control-wrap\" data-name=\"Mensagem\"><textarea cols=\"40\" rows=\"3\" maxlength=\"2000\" class=\"wpcf7-form-control wpcf7-textarea wpcf7-validates-as-required uk-textarea uk-width-1-1\" aria-required=\"true\" aria-invalid=\"false\" placeholder=\"Sua Mensagem\" name=\"Mensagem\"><\/textarea><\/span>\n\t\t<\/p>\n\t<\/div>\n\t<div class=\"g-recaptcha\" data-sitekey=\"6LdVUnsUAAAAABjWWDIVtTWTAGsW3WIabkNoXLPx\">\n\t<\/div>\n\t<p><span id=\"wpcf7-69ea30459ae12-wrapper\" class=\"wpcf7-form-control-wrap email-wrap\" style=\"display:none !important; visibility:hidden !important;\"><label for=\"wpcf7-69ea30459ae12-field\" class=\"hp-message\">Please leave this field empty.<\/label><input id=\"wpcf7-69ea30459ae12-field\"  class=\"wpcf7-form-control wpcf7-text\" type=\"text\" name=\"email\" value=\"\" size=\"40\" tabindex=\"-1\" autocomplete=\"new-password\" \/><\/span>\n\t<\/p>\n\t<div class=\"uk-width-1-1\">\n\t\t<p><input class=\"wpcf7-form-control wpcf7-submit has-spinner uk-button uk-button-default\" type=\"submit\" value=\"Enviar\" \/>\n\t\t<\/p>\n\t<\/div>\n<\/div><p style=\"display: none !important;\" class=\"akismet-fields-container\" data-prefix=\"_wpcf7_ak_\"><label>&#916;<textarea name=\"_wpcf7_ak_hp_textarea\" cols=\"45\" rows=\"8\" maxlength=\"100\"><\/textarea><\/label><input type=\"hidden\" id=\"ak_js_1\" name=\"_wpcf7_ak_js\" value=\"242\"\/><script>document.getElementById( \"ak_js_1\" ).setAttribute( \"value\", ( new Date() ).getTime() );<\/script><\/p><div class=\"wpcf7-response-output\" aria-hidden=\"true\"><\/div>\n<\/form>\n<\/div>\n\n<div class=\"fb-page\" data-href=\"https:\/\/www.facebook.com\/divamaq\" data-tabs=\"timeline\" data-small-header=\"false\" data-adapt-container-width=\"true\" data-hide-cover=\"false\" data-show-facepile=\"true\">\n<blockquote cite=\"https:\/\/www.facebook.com\/divamaq\" class=\"fb-xfbml-parse-ignore\"><p><a href=\"https:\/\/www.facebook.com\/divamaq\">Divamaq \/ Leverage \/ SZ Tec<\/a><\/p><\/blockquote>\n<\/div>\n<p><!-- {\"name\":\"\",\"type\":\"layout\",\"children\":[{\"name\":\"\",\"type\":\"section\",\"props\":{\"style\":\"default\",\"width\":\"default\",\"vertical_align\":\"middle\",\"title_position\":\"top-left\",\"title_rotation\":\"left\",\"title_breakpoint\":\"xl\",\"image_position\":\"center-center\"},\"children\":[{\"name\":\"\",\"type\":\"row\",\"props\":{\"fixed_width\":\"large\",\"breakpoint\":\"m\",\"layout\":\"2-3,\"},\"children\":[{\"name\":\"\",\"type\":\"column\",\"props\":{\"widths\":[\"2-3\"],\"image_position\":\"center-center\"},\"children\":[{\"name\":\"\",\"type\":\"headline\",\"props\":{\"title_element\":\"h3\",\"content\":\"Mande sua mensagem\",\"title_style\":\"h3\",\"title_decoration\":\"bullet\",\"title_color\":\"primary\"}},{\"name\":\"\",\"type\":\"html\",\"props\":{\"content\":\"[contact-form-7 id=\\\"83\\\" title=\\\"Contato do Site\\\"]\"}}]},{\"name\":\"\",\"type\":\"column\",\"props\":{\"widths\":[\"\"],\"image_position\":\"center-center\"},\"children\":[{\"name\":\"\",\"type\":\"html\",\"props\":{\"content\":\"\n\n<div class=\\\"fb-page\\\" data-href=\\\"https:\\\/\\\/www.facebook.com\\\/divamaq\\\" data-tabs=\\\"timeline\\\" data-small-header=\\\"false\\\" data-adapt-container-width=\\\"true\\\" data-hide-cover=\\\"false\\\" data-show-facepile=\\\"true\\\">\n\n<blockquote cite=\\\"https:\\\/\\\/www.facebook.com\\\/divamaq\\\" class=\\\"fb-xfbml-parse-ignore\\\"><a href=\\\"https:\\\/\\\/www.facebook.com\\\/divamaq\\\">Divamaq \\\/ Leverage \\\/ SZ Tec<\\\/a><\\\/blockquote><\\\/div>\"}}]}]}]}]} --><\/p>\n","protected":false},"excerpt":{"rendered":"<p>Mande sua mensagem Divamaq \/ Leverage \/ SZ Tec<\/p>\n","protected":false},"author":2,"featured_media":0,"parent":0,"menu_order":0,"comment_status":"closed","ping_status":"closed","template":"","meta":{"footnotes":""},"class_list":["post-20","page","type-page","status-publish","hentry"],"yoast_head":"<!-- This site is optimized with the Yoast SEO plugin v24.2 - https:\/\/yoast.com\/wordpress\/plugins\/seo\/ -->\n<title>FALE CONOSCO - Divamaq<\/title>\n<meta name=\"robots\" content=\"index, follow, max-snippet:-1, max-image-preview:large, max-video-preview:-1\" \/>\n<link rel=\"canonical\" href=\"https:\/\/www.divamaq.com.br\/site\/fale-conosco\/\" \/>\n<meta property=\"og:locale\" content=\"pt_BR\" \/>\n<meta property=\"og:type\" content=\"article\" \/>\n<meta property=\"og:title\" content=\"FALE CONOSCO - Divamaq\" \/>\n<meta property=\"og:description\" content=\"Mande sua mensagem Divamaq \/ Leverage \/ SZ Tec\" \/>\n<meta property=\"og:url\" content=\"https:\/\/www.divamaq.com.br\/site\/fale-conosco\/\" \/>\n<meta property=\"og:site_name\" content=\"Divamaq\" \/>\n<meta property=\"article:publisher\" content=\"https:\/\/www.facebook.com\/divamaq\/\" \/>\n<meta property=\"article:modified_time\" content=\"2017-09-19T20:58:02+00:00\" \/>\n<meta name=\"twitter:card\" content=\"summary_large_image\" \/>\n<script type=\"application\/ld+json\" class=\"yoast-schema-graph\">{\"@context\":\"https:\/\/schema.org\",\"@graph\":[{\"@type\":\"WebPage\",\"@id\":\"https:\/\/www.divamaq.com.br\/site\/fale-conosco\/\",\"url\":\"https:\/\/www.divamaq.com.br\/site\/fale-conosco\/\",\"name\":\"FALE CONOSCO - Divamaq\",\"isPartOf\":{\"@id\":\"https:\/\/www.divamaq.com.br\/site\/#website\"},\"datePublished\":\"2017-09-18T18:58:08+00:00\",\"dateModified\":\"2017-09-19T20:58:02+00:00\",\"breadcrumb\":{\"@id\":\"https:\/\/www.divamaq.com.br\/site\/fale-conosco\/#breadcrumb\"},\"inLanguage\":\"pt-BR\",\"potentialAction\":[{\"@type\":\"ReadAction\",\"target\":[\"https:\/\/www.divamaq.com.br\/site\/fale-conosco\/\"]}]},{\"@type\":\"BreadcrumbList\",\"@id\":\"https:\/\/www.divamaq.com.br\/site\/fale-conosco\/#breadcrumb\",\"itemListElement\":[{\"@type\":\"ListItem\",\"position\":1,\"name\":\"In\u00edcio\",\"item\":\"https:\/\/www.divamaq.com.br\/site\/\"},{\"@type\":\"ListItem\",\"position\":2,\"name\":\"FALE CONOSCO\"}]},{\"@type\":\"WebSite\",\"@id\":\"https:\/\/www.divamaq.com.br\/site\/#website\",\"url\":\"https:\/\/www.divamaq.com.br\/site\/\",\"name\":\"Divamaq\",\"description\":\"Sempre uma Solu\u00e7\u00e3o\",\"publisher\":{\"@id\":\"https:\/\/www.divamaq.com.br\/site\/#organization\"},\"potentialAction\":[{\"@type\":\"SearchAction\",\"target\":{\"@type\":\"EntryPoint\",\"urlTemplate\":\"https:\/\/www.divamaq.com.br\/site\/?s={search_term_string}\"},\"query-input\":{\"@type\":\"PropertyValueSpecification\",\"valueRequired\":true,\"valueName\":\"search_term_string\"}}],\"inLanguage\":\"pt-BR\"},{\"@type\":\"Organization\",\"@id\":\"https:\/\/www.divamaq.com.br\/site\/#organization\",\"name\":\"Divamaq - M\u00e1quinas para Embalar, Cortadeiras, Sistemas de Movimenta\u00e7\u00e3o, Transportadores e Fim de Linha\",\"url\":\"https:\/\/www.divamaq.com.br\/site\/\",\"logo\":{\"@type\":\"ImageObject\",\"inLanguage\":\"pt-BR\",\"@id\":\"https:\/\/www.divamaq.com.br\/site\/#\/schema\/logo\/image\/\",\"url\":\"https:\/\/www.divamaq.com.br\/site\/wp-content\/uploads\/2017\/09\/dmq-logo-cor-mobile.png\",\"contentUrl\":\"https:\/\/www.divamaq.com.br\/site\/wp-content\/uploads\/2017\/09\/dmq-logo-cor-mobile.png\",\"width\":120,\"height\":30,\"caption\":\"Divamaq - M\u00e1quinas para Embalar, Cortadeiras, Sistemas de Movimenta\u00e7\u00e3o, Transportadores e Fim de Linha\"},\"image\":{\"@id\":\"https:\/\/www.divamaq.com.br\/site\/#\/schema\/logo\/image\/\"},\"sameAs\":[\"https:\/\/www.facebook.com\/divamaq\/\",\"https:\/\/www.youtube.com\/user\/divamaq\/featured\"]}]}<\/script>\n<!-- \/ Yoast SEO plugin. -->","yoast_head_json":{"title":"FALE CONOSCO - Divamaq","robots":{"index":"index","follow":"follow","max-snippet":"max-snippet:-1","max-image-preview":"max-image-preview:large","max-video-preview":"max-video-preview:-1"},"canonical":"https:\/\/www.divamaq.com.br\/site\/fale-conosco\/","og_locale":"pt_BR","og_type":"article","og_title":"FALE CONOSCO - Divamaq","og_description":"Mande sua mensagem Divamaq \/ Leverage \/ SZ Tec","og_url":"https:\/\/www.divamaq.com.br\/site\/fale-conosco\/","og_site_name":"Divamaq","article_publisher":"https:\/\/www.facebook.com\/divamaq\/","article_modified_time":"2017-09-19T20:58:02+00:00","twitter_card":"summary_large_image","schema":{"@context":"https:\/\/schema.org","@graph":[{"@type":"WebPage","@id":"https:\/\/www.divamaq.com.br\/site\/fale-conosco\/","url":"https:\/\/www.divamaq.com.br\/site\/fale-conosco\/","name":"FALE CONOSCO - Divamaq","isPartOf":{"@id":"https:\/\/www.divamaq.com.br\/site\/#website"},"datePublished":"2017-09-18T18:58:08+00:00","dateModified":"2017-09-19T20:58:02+00:00","breadcrumb":{"@id":"https:\/\/www.divamaq.com.br\/site\/fale-conosco\/#breadcrumb"},"inLanguage":"pt-BR","potentialAction":[{"@type":"ReadAction","target":["https:\/\/www.divamaq.com.br\/site\/fale-conosco\/"]}]},{"@type":"BreadcrumbList","@id":"https:\/\/www.divamaq.com.br\/site\/fale-conosco\/#breadcrumb","itemListElement":[{"@type":"ListItem","position":1,"name":"In\u00edcio","item":"https:\/\/www.divamaq.com.br\/site\/"},{"@type":"ListItem","position":2,"name":"FALE CONOSCO"}]},{"@type":"WebSite","@id":"https:\/\/www.divamaq.com.br\/site\/#website","url":"https:\/\/www.divamaq.com.br\/site\/","name":"Divamaq","description":"Sempre uma Solu\u00e7\u00e3o","publisher":{"@id":"https:\/\/www.divamaq.com.br\/site\/#organization"},"potentialAction":[{"@type":"SearchAction","target":{"@type":"EntryPoint","urlTemplate":"https:\/\/www.divamaq.com.br\/site\/?s={search_term_string}"},"query-input":{"@type":"PropertyValueSpecification","valueRequired":true,"valueName":"search_term_string"}}],"inLanguage":"pt-BR"},{"@type":"Organization","@id":"https:\/\/www.divamaq.com.br\/site\/#organization","name":"Divamaq - M\u00e1quinas para Embalar, Cortadeiras, Sistemas de Movimenta\u00e7\u00e3o, Transportadores e Fim de Linha","url":"https:\/\/www.divamaq.com.br\/site\/","logo":{"@type":"ImageObject","inLanguage":"pt-BR","@id":"https:\/\/www.divamaq.com.br\/site\/#\/schema\/logo\/image\/","url":"https:\/\/www.divamaq.com.br\/site\/wp-content\/uploads\/2017\/09\/dmq-logo-cor-mobile.png","contentUrl":"https:\/\/www.divamaq.com.br\/site\/wp-content\/uploads\/2017\/09\/dmq-logo-cor-mobile.png","width":120,"height":30,"caption":"Divamaq - M\u00e1quinas para Embalar, Cortadeiras, Sistemas de Movimenta\u00e7\u00e3o, Transportadores e Fim de Linha"},"image":{"@id":"https:\/\/www.divamaq.com.br\/site\/#\/schema\/logo\/image\/"},"sameAs":["https:\/\/www.facebook.com\/divamaq\/","https:\/\/www.youtube.com\/user\/divamaq\/featured"]}]}},"_links":{"self":[{"href":"https:\/\/www.divamaq.com.br\/site\/wp-json\/wp\/v2\/pages\/20","targetHints":{"allow":["GET"]}}],"collection":[{"href":"https:\/\/www.divamaq.com.br\/site\/wp-json\/wp\/v2\/pages"}],"about":[{"href":"https:\/\/www.divamaq.com.br\/site\/wp-json\/wp\/v2\/types\/page"}],"author":[{"embeddable":true,"href":"https:\/\/www.divamaq.com.br\/site\/wp-json\/wp\/v2\/users\/2"}],"replies":[{"embeddable":true,"href":"https:\/\/www.divamaq.com.br\/site\/wp-json\/wp\/v2\/comments?post=20"}],"version-history":[{"count":2,"href":"https:\/\/www.divamaq.com.br\/site\/wp-json\/wp\/v2\/pages\/20\/revisions"}],"predecessor-version":[{"id":84,"href":"https:\/\/www.divamaq.com.br\/site\/wp-json\/wp\/v2\/pages\/20\/revisions\/84"}],"wp:attachment":[{"href":"https:\/\/www.divamaq.com.br\/site\/wp-json\/wp\/v2\/media?parent=20"}],"curies":[{"name":"wp","href":"https:\/\/api.w.org\/{rel}","templated":true}]}}