{"id":519,"date":"2018-04-20T17:04:12","date_gmt":"2018-04-20T20:04:12","guid":{"rendered":"http:\/\/www.divamaq.com.br\/site\/?page_id=519"},"modified":"2018-04-20T18:12:41","modified_gmt":"2018-04-20T21:12:41","slug":"missao-visao-e-valores","status":"publish","type":"page","link":"https:\/\/www.divamaq.com.br\/site\/missao-visao-e-valores\/","title":{"rendered":"MISS\u00c3O, VIS\u00c3O E VALORES"},"content":{"rendered":"<p>MISS\u00c3O<\/p>\n<p>Atender com excel&ecirc;ncia as demandas dos clientes, pelo desenvolvimento e oferta de produtos e servi&ccedil;os que contribuam para a melhoria dos processos da ind&uacute;stria em geral, gerando riqueza de forma sustent&aacute;vel.<\/p>\n<p>Vis&atilde;o<\/p>\n<p>Ser empresa de excel&ecirc;ncia no mercado em que atua garantindo a satisfa&ccedil;&atilde;o dos clientes, colaboradores e fornecedores, sendo reconhecida como a melhor op&ccedil;&atilde;o de neg&oacute;cio.<\/p>\n<p>Nossos valores<\/p>\n<p>FAZER PARTE DO TIME.<\/p>\n<p>Ser comprometido para atender com excel\u00eancia clientes e fornecedores;<br \/>\nSer profissional o tempo todo;<br \/>\nTer disponibilidade para cumprir algo;<br \/>\nRealizar o que se prop\u00f4s a fazer;<br \/>\nEstar envolvido;<br \/>\nSer consciente.\n<\/p>\n<p>RECONHECER O TRABALHO<\/p>\n<p>Incentivar a aprender e adquirir novas responsabilidades;<br \/>\nManter uma rela\u00e7\u00e3o saud\u00e1vel;<br \/>\nAten\u00e7\u00e3o \u00e0 necessidade individual;<br \/>\nRealizar planejamento para fun\u00e7\u00e3o;<br \/>\nAcreditar no potencial e capacidade de realiza\u00e7\u00e3o.\n<\/p>\n<p>MELHORIA CONT\u00cdNUA DE NOSSA PERFORMANCE<\/p>\n<p>Conceito de melhoria constante;<br \/>\nBuscar simplicidade;<br \/>\nIdentificar, avaliar e melhorar os processos;<br \/>\nReconhecer, oferecer e aceitar cr\u00edticas construtivas como uma ferramenta valiosa para melhoria;<br \/>\nUtilizar ferramentas e recursos dispon\u00edveis;<br \/>\nTer orgulho de nosso trabalho.\n<\/p>\n<p>SE PREOCUPAR EM CUIDAR<\/p>\n<p>Utilizar recursos de forma inteligente e com cuidado;<br \/>\nReciclar;<br \/>\nEconomizar \u00e1gua, energia, papel e outros;<br \/>\nCuidado ao descartar;<br \/>\nSer organizado;<br \/>\nManter a limpeza;<br \/>\nTer higiene e sa\u00fade;<br \/>\nAplicar a autodisciplina.\n<\/p>\n<p>EMPENHO EM AGIR DA FORMA CORRETA<\/p>\n<p>Seguir as pol\u00edticas e procedimentos;<br \/>\nSer claro com nossos clientes e exceder suas expectativas;<br \/>\nAssumir responsabilidades.<\/p>\n<p>RESPONDER PELOS PR\u00d3PRIOS ATOS<\/p>\n<p>Realizar o que se prop\u00f4s a fazer;<br \/>\nCumprir prazos e hor\u00e1rios;<br \/>\nEnxergar como solu\u00e7\u00e3o, uma tarefa a cumprir;<br \/>\nIr at\u00e9 o fim, se atentando aos detalhes;<br \/>\nBuscar sempre a efic\u00e1cia.<\/p>\n<p>SABER SE COMUNICAR<\/p>\n<p>Compartilhar informa\u00e7\u00f5es;<br \/>\nSer verdadeiro;<br \/>\nUtilizar os canais corretos de comunica\u00e7\u00e3o;<br \/>\nOuvir com aten\u00e7\u00e3o nossos clientes internos e externos.<\/p>\n<p>SOLU\u00c7\u00c3O \u00c9 O NOSSO PRINC\u00cdPIO. PENSAR, CRIAR, APLICAR E AVALIAR<\/p>\n<p>Perguntar \u201cPor qu\u00ea\u201d 5 vezes;<br \/>\nSer um inventor;<br \/>\nCompartilhar ideias;<br \/>\nSolucionar problemas e superar as dificuldades.<\/p>\n<p>JUNTOS SOMOS MELHORES<\/p>\n<p>Ser proativo;<br \/>\nPromover o esp\u00edrito de equipe;<br \/>\nBuscar novos desafios;<br \/>\nCriar um ambiente positivo;<br \/>\nTer empatia e se colocar no lugar do outro, respeitando desafios di\u00e1rios e limita\u00e7\u00f5es;<br \/>\nTer bom relacionamento interpessoal.\n<\/p>\n<p><!-- {\"name\":\"\",\"type\":\"layout\",\"children\":[{\"name\":\"\",\"type\":\"section\",\"props\":{\"style\":\"muted\",\"width\":\"default\",\"vertical_align\":\"middle\",\"title_position\":\"top-left\",\"title_rotation\":\"left\",\"title_breakpoint\":\"xl\",\"image_position\":\"center-center\"},\"children\":[{\"name\":\"\",\"type\":\"row\",\"props\":{\"fixed_width\":\"large\",\"breakpoint\":\"m\",\"layout\":\",\",\"width\":\"small\"},\"children\":[{\"name\":\"\",\"type\":\"column\",\"props\":{\"widths\":[\"\"],\"image_position\":\"center-center\",\"style\":\"primary\"},\"children\":[{\"name\":\"\",\"type\":\"headline\",\"props\":{\"title_element\":\"h3\",\"content\":\"MISS\\u00c3O\"}},{\"name\":\"\",\"type\":\"text\",\"props\":{\"margin\":\"default\",\"column_breakpoint\":\"m\",\"content\":\"\n\n<p>Atender com excel&ecirc;ncia as demandas dos clientes, pelo desenvolvimento e oferta de produtos e servi&ccedil;os que contribuam para a melhoria dos processos da ind&uacute;stria em geral, gerando riqueza de forma sustent&aacute;vel.<\\\/p>\",\"text_align\":\"justify\"}}]},{\"name\":\"\",\"type\":\"column\",\"props\":{\"widths\":[\"\"],\"image_position\":\"center-center\",\"style\":\"primary\"},\"children\":[{\"name\":\"\",\"type\":\"headline\",\"props\":{\"title_element\":\"h3\",\"content\":\"\n\n<p><b>Vis&atilde;o<\\\/b><\\\/p>\"}},{\"name\":\"\",\"type\":\"text\",\"props\":{\"margin\":\"default\",\"column_breakpoint\":\"m\",\"content\":\"\n\n<p>Ser empresa de excel&ecirc;ncia no mercado em que atua garantindo a satisfa&ccedil;&atilde;o dos clientes, colaboradores e fornecedores, sendo reconhecida como a melhor op&ccedil;&atilde;o de neg&oacute;cio.<\\\/p>\",\"text_align\":\"justify\"}}]}]}]},{\"name\":\"\",\"type\":\"section\",\"props\":{\"style\":\"default\",\"width\":\"small\",\"vertical_align\":\"middle\",\"title_position\":\"top-left\",\"title_rotation\":\"left\",\"title_breakpoint\":\"xl\",\"image_position\":\"center-center\",\"css\":\"\",\"id\":\"valores\"},\"children\":[{\"name\":\"\",\"type\":\"row\",\"props\":{\"fixed_width\":\"large\",\"breakpoint\":\"m\",\"layout\":\"1-1\",\"margin\":\"medium\"},\"children\":[{\"name\":\"\",\"type\":\"column\",\"props\":{\"widths\":[\"1-1\"],\"image_position\":\"center-center\"},\"children\":[{\"name\":\"\",\"type\":\"headline\",\"props\":{\"title_element\":\"h2\",\"content\":\"Nossos valores\",\"title_decoration\":\"line\",\"title_color\":\"primary\",\"text_align\":\"center\",\"margin\":\"\"}}]}]},{\"name\":\"\",\"type\":\"row\",\"props\":{\"fixed_width\":\"large\",\"breakpoint\":\"m\",\"layout\":\",,\",\"gutter\":\"small\"},\"children\":[{\"name\":\"\",\"type\":\"column\",\"props\":{\"widths\":[\"\"],\"image_position\":\"center-center\",\"style\":\"\",\"padding\":\"\"},\"children\":[{\"name\":\"\",\"type\":\"image\",\"props\":{\"margin\":\"default\",\"image\":\"wp-content\\\/uploads\\\/2018\\\/04\\\/icones_comprometimento.png\",\"image_width\":\"150\",\"text_align\":\"center\"}},{\"name\":\"\",\"type\":\"accordion\",\"props\":{\"show_image\":true,\"show_link\":true,\"collapsible\":true,\"image_align\":\"top\",\"image_grid_width\":\"1-2\",\"image_breakpoint\":\"m\",\"link_text\":\"Read more\",\"link_style\":\"default\"},\"children\":[{\"name\":\"\",\"type\":\"accordion_item\",\"props\":{\"content\":\"\n\n<h6>FAZER PARTE DO TIME.<\\\/h6>\\n\\n\n\n<ul>\\n\n\n<li>Ser comprometido para atender com excel\\u00eancia clientes e fornecedores;<\\\/li>\\n\n\n<li>Ser profissional o tempo todo;<\\\/li>\\n\n\n<li>Ter disponibilidade para cumprir algo;<\\\/li>\\n\n\n<li>Realizar o que se prop\\u00f4s a fazer;<\\\/li>\\n\n\n<li>Estar envolvido;<\\\/li>\\n\n\n<li>Ser consciente.<\\\/li>\\n<\\\/ul>\",\"image\":\"\",\"title\":\"Comprometimento\"}}]}]},{\"name\":\"\",\"type\":\"column\",\"props\":{\"widths\":[\"\"],\"image_position\":\"center-center\",\"style\":\"\"},\"children\":[{\"name\":\"\",\"type\":\"image\",\"props\":{\"margin\":\"default\",\"image\":\"wp-content\\\/uploads\\\/2018\\\/04\\\/icones_sustentabilidade.png\",\"image_width\":\"150\",\"text_align\":\"center\"}},{\"name\":\"\",\"type\":\"accordion\",\"props\":{\"show_image\":true,\"show_link\":true,\"collapsible\":true,\"image_align\":\"top\",\"image_grid_width\":\"1-2\",\"image_breakpoint\":\"m\",\"link_text\":\"Read more\",\"link_style\":\"default\"},\"children\":[{\"name\":\"\",\"type\":\"accordion_item\",\"props\":{\"content\":\"\n\n<h6>RECONHECER O TRABALHO<\\\/h6>\\n\\n\n\n<ul>\\n\n\n<li>Incentivar a aprender e adquirir novas responsabilidades;<\\\/li>\\n\n\n<li>Manter uma rela\\u00e7\\u00e3o saud\\u00e1vel;<\\\/li>\\n\n\n<li>Aten\\u00e7\\u00e3o \\u00e0 necessidade individual;<\\\/li>\\n\n\n<li>Realizar planejamento para fun\\u00e7\\u00e3o;<\\\/li>\\n\n\n<li>Acreditar no potencial e capacidade de realiza\\u00e7\\u00e3o.<\\\/li>\\n<\\\/ul>\",\"image\":\"\",\"title\":\"Sustentabilidade\"}}]}]},{\"name\":\"\",\"type\":\"column\",\"props\":{\"widths\":[\"\"],\"image_position\":\"center-center\",\"style\":\"\"},\"children\":[{\"name\":\"\",\"type\":\"image\",\"props\":{\"margin\":\"default\",\"image\":\"wp-content\\\/uploads\\\/2018\\\/04\\\/icones_qualidade.png\",\"image_width\":\"150\",\"text_align\":\"center\"}},{\"name\":\"\",\"type\":\"accordion\",\"props\":{\"show_image\":true,\"show_link\":true,\"collapsible\":true,\"image_align\":\"top\",\"image_grid_width\":\"1-2\",\"image_breakpoint\":\"m\",\"link_text\":\"Read more\",\"link_style\":\"default\"},\"children\":[{\"name\":\"\",\"type\":\"accordion_item\",\"props\":{\"content\":\"\n\n<h6>MELHORIA CONT\\u00cdNUA DE NOSSA PERFORMANCE<\\\/h6>\\n\\n\n\n<ul>\\n\n\n<li>Conceito de melhoria constante;<\\\/li>\\n\n\n<li>Buscar simplicidade;<\\\/li>\\n\n\n<li>Identificar, avaliar e melhorar os processos;<\\\/li>\\n\n\n<li>Reconhecer, oferecer e aceitar cr\\u00edticas construtivas como uma ferramenta valiosa para melhoria;<\\\/li>\\n\n\n<li>Utilizar ferramentas e recursos dispon\\u00edveis;<\\\/li>\\n\n\n<li>Ter orgulho de nosso trabalho.<\\\/li>\\n<\\\/ul>\",\"image\":\"\",\"title\":\"Qualidade\"}}]}]}]},{\"name\":\"\",\"type\":\"row\",\"props\":{\"fixed_width\":\"large\",\"breakpoint\":\"m\",\"layout\":\",,\"},\"children\":[{\"name\":\"\",\"type\":\"column\",\"props\":{\"widths\":[\"\"],\"image_position\":\"center-center\",\"style\":\"\"},\"children\":[{\"name\":\"\",\"type\":\"image\",\"props\":{\"margin\":\"default\",\"image\":\"wp-content\\\/uploads\\\/2018\\\/04\\\/icones_valorizacao-da-equipe.png\",\"image_width\":\"150\",\"text_align\":\"center\"}},{\"name\":\"\",\"type\":\"accordion\",\"props\":{\"show_image\":true,\"show_link\":true,\"collapsible\":true,\"image_align\":\"top\",\"image_grid_width\":\"1-2\",\"image_breakpoint\":\"m\",\"link_text\":\"Read more\",\"link_style\":\"default\"},\"children\":[{\"name\":\"\",\"type\":\"accordion_item\",\"props\":{\"content\":\"\n\n<h6>SE PREOCUPAR EM CUIDAR<\\\/h6>\\n\\n\n\n<ul>\\n\n\n<li>Utilizar recursos de forma inteligente e com cuidado;<\\\/li>\\n\n\n<li>Reciclar;<\\\/li>\\n\n\n<li>Economizar \\u00e1gua, energia, papel e outros;<\\\/li>\\n\n\n<li>Cuidado ao descartar;<\\\/li>\\n\n\n<li>Ser organizado;<\\\/li>\\n\n\n<li>Manter a limpeza;<\\\/li>\\n\n\n<li>Ter higiene e sa\\u00fade;<\\\/li>\\n\n\n<li>Aplicar a autodisciplina.<\\\/li>\\n<\\\/ul>\",\"image\":\"\",\"title\":\"Valoriza\\u00e7\\u00e3o da equipe\"}}]}]},{\"name\":\"\",\"type\":\"column\",\"props\":{\"widths\":[\"\"],\"image_position\":\"center-center\",\"style\":\"\"},\"children\":[{\"name\":\"\",\"type\":\"image\",\"props\":{\"margin\":\"default\",\"image\":\"wp-content\\\/uploads\\\/2018\\\/04\\\/icones_etica.png\",\"image_width\":\"150\",\"text_align\":\"center\"}},{\"name\":\"\",\"type\":\"accordion\",\"props\":{\"show_image\":true,\"show_link\":true,\"collapsible\":true,\"image_align\":\"top\",\"image_grid_width\":\"1-2\",\"image_breakpoint\":\"m\",\"link_text\":\"Read more\",\"link_style\":\"default\"},\"children\":[{\"name\":\"\",\"type\":\"accordion_item\",\"props\":{\"content\":\"\n\n<h6>EMPENHO EM AGIR DA FORMA CORRETA<\\\/h6>\\n\\n\n\n<ul>\\n\n\n<li>Seguir as pol\\u00edticas e procedimentos;<\\\/li>\\n\n\n<li>Ser claro com nossos clientes e exceder suas expectativas;<\\\/li>\\n\n\n<li>Assumir responsabilidades.<\\\/li>\\n<\\\/ul>\\n\",\"image\":\"\",\"title\":\"\\u00c9tica\"}}]}]},{\"name\":\"\",\"type\":\"column\",\"props\":{\"widths\":[\"\"],\"image_position\":\"center-center\",\"style\":\"\"},\"children\":[{\"name\":\"\",\"type\":\"image\",\"props\":{\"margin\":\"default\",\"image\":\"wp-content\\\/uploads\\\/2018\\\/04\\\/icones_responsabilidade.png\",\"image_width\":\"150\",\"text_align\":\"center\"}},{\"name\":\"\",\"type\":\"accordion\",\"props\":{\"show_image\":true,\"show_link\":true,\"collapsible\":true,\"image_align\":\"top\",\"image_grid_width\":\"1-2\",\"image_breakpoint\":\"m\",\"link_text\":\"Read more\",\"link_style\":\"default\"},\"children\":[{\"name\":\"\",\"type\":\"accordion_item\",\"props\":{\"content\":\"\n\n<h6>RESPONDER PELOS PR\\u00d3PRIOS ATOS<\\\/h6>\\n\\n\n\n<ul>\\n\n\n<li>Realizar o que se prop\\u00f4s a fazer;<\\\/li>\\n\n\n<li>Cumprir prazos e hor\\u00e1rios;<\\\/li>\\n\n\n<li>Enxergar como solu\\u00e7\\u00e3o, uma tarefa a cumprir;<\\\/li>\\n\n\n<li>Ir at\\u00e9 o fim, se atentando aos detalhes;<\\\/li>\\n\n\n<li>Buscar sempre a efic\\u00e1cia.<\\\/li>\\n<\\\/ul>\\n \",\"image\":\"\",\"title\":\"Responsabilidade\"}}]}]}]},{\"name\":\"\",\"type\":\"row\",\"props\":{\"fixed_width\":\"large\",\"breakpoint\":\"m\",\"layout\":\",,\"},\"children\":[{\"name\":\"\",\"type\":\"column\",\"props\":{\"widths\":[\"\"],\"image_position\":\"center-center\",\"style\":\"\"},\"children\":[{\"name\":\"\",\"type\":\"image\",\"props\":{\"margin\":\"default\",\"image\":\"wp-content\\\/uploads\\\/2018\\\/04\\\/icones_transparencia.png\",\"image_width\":\"150\",\"text_align\":\"center\"}},{\"name\":\"\",\"type\":\"accordion\",\"props\":{\"show_image\":true,\"show_link\":true,\"collapsible\":true,\"image_align\":\"top\",\"image_grid_width\":\"1-2\",\"image_breakpoint\":\"m\",\"link_text\":\"Read more\",\"link_style\":\"default\"},\"children\":[{\"name\":\"\",\"type\":\"accordion_item\",\"props\":{\"content\":\"\n\n<h6>SABER SE COMUNICAR<\\\/h6>\\n\\n\n\n<ul>\\n\n\n<li>Compartilhar informa\\u00e7\\u00f5es;<\\\/li>\\n\n\n<li>Ser verdadeiro;<\\\/li>\\n\n\n<li>Utilizar os canais corretos de comunica\\u00e7\\u00e3o;<\\\/li>\\n\n\n<li>Ouvir com aten\\u00e7\\u00e3o nossos clientes internos e externos.<\\\/li>\\n<\\\/ul>\\n\",\"image\":\"\",\"title\":\"Transpar\\u00eancia\"}}]}]},{\"name\":\"\",\"type\":\"column\",\"props\":{\"widths\":[\"\"],\"image_position\":\"center-center\",\"style\":\"\"},\"children\":[{\"name\":\"\",\"type\":\"image\",\"props\":{\"margin\":\"default\",\"image\":\"wp-content\\\/uploads\\\/2018\\\/04\\\/icones_inovacao.png\",\"image_width\":\"150\",\"text_align\":\"center\"}},{\"name\":\"\",\"type\":\"accordion\",\"props\":{\"show_image\":true,\"show_link\":true,\"collapsible\":true,\"image_align\":\"top\",\"image_grid_width\":\"1-2\",\"image_breakpoint\":\"m\",\"link_text\":\"Read more\",\"link_style\":\"default\"},\"children\":[{\"name\":\"\",\"type\":\"accordion_item\",\"props\":{\"content\":\"\n\n<h6>SOLU\\u00c7\\u00c3O \\u00c9 O NOSSO PRINC\\u00cdPIO. PENSAR, CRIAR, APLICAR E AVALIAR<\\\/h6>\\n\\n\n\n<ul>\\n\n\n<li>Perguntar \\u201cPor qu\\u00ea\\u201d 5 vezes;<\\\/li>\\n\n\n<li>Ser um inventor;<\\\/li>\\n\n\n<li>Compartilhar ideias;<\\\/li>\\n\n\n<li>Solucionar problemas e superar as dificuldades.<\\\/li>\\n<\\\/ul>\\n\",\"image\":\"\",\"title\":\"Inova\\u00e7\\u00e3o\"}}]}]},{\"name\":\"\",\"type\":\"column\",\"props\":{\"widths\":[\"\"],\"image_position\":\"center-center\",\"style\":\"\"},\"children\":[{\"name\":\"\",\"type\":\"image\",\"props\":{\"margin\":\"default\",\"image\":\"wp-content\\\/uploads\\\/2018\\\/04\\\/icones_trabalho-em-equipe.png\",\"image_width\":\"150\",\"text_align\":\"center\"}},{\"name\":\"\",\"type\":\"accordion\",\"props\":{\"show_image\":true,\"show_link\":true,\"collapsible\":true,\"image_align\":\"top\",\"image_grid_width\":\"1-2\",\"image_breakpoint\":\"m\",\"link_text\":\"Read more\",\"link_style\":\"default\"},\"children\":[{\"name\":\"\",\"type\":\"accordion_item\",\"props\":{\"content\":\"\n\n<h6>JUNTOS SOMOS MELHORES<\\\/h6>\\n\\n\n\n<ul>\\n\n\n<li>Ser proativo;<\\\/li>\\n\n\n<li>Promover o esp\\u00edrito de equipe;<\\\/li>\\n\n\n<li>Buscar novos desafios;<\\\/li>\\n\n\n<li>Criar um ambiente positivo;<\\\/li>\\n\n\n<li>Ter empatia e se colocar no lugar do outro, respeitando desafios di\\u00e1rios e limita\\u00e7\\u00f5es;<\\\/li>\\n\n\n<li>Ter bom relacionamento interpessoal.<\\\/li>\\n<\\\/ul>\",\"image\":\"\",\"title\":\"Trabalho em equipe\"}}]}]}]}]}]} --><\/p>\n","protected":false},"excerpt":{"rendered":"<p>MISS\u00c3O Atender com excel&ecirc;ncia as demandas dos clientes, pelo desenvolvimento e oferta de produtos e servi&ccedil;os que contribuam para a melhoria dos processos da ind&uacute;stria em geral, gerando riqueza de forma sustent&aacute;vel. Vis&atilde;o Ser empresa de excel&ecirc;ncia no mercado em que atua garantindo a satisfa&ccedil;&atilde;o dos clientes, colaboradores e fornecedores, sendo reconhecida como a melhor [&hellip;]<\/p>\n","protected":false},"author":2,"featured_media":0,"parent":0,"menu_order":0,"comment_status":"closed","ping_status":"closed","template":"","meta":{"footnotes":""},"class_list":["post-519","page","type-page","status-publish","hentry"],"yoast_head":"<!-- This site is optimized with the Yoast SEO plugin v24.2 - https:\/\/yoast.com\/wordpress\/plugins\/seo\/ -->\n<title>MISS\u00c3O, VIS\u00c3O E VALORES - Divamaq<\/title>\n<meta name=\"robots\" content=\"index, follow, max-snippet:-1, max-image-preview:large, max-video-preview:-1\" \/>\n<link rel=\"canonical\" href=\"https:\/\/www.divamaq.com.br\/site\/missao-visao-e-valores\/\" \/>\n<meta property=\"og:locale\" content=\"pt_BR\" \/>\n<meta property=\"og:type\" content=\"article\" \/>\n<meta property=\"og:title\" content=\"MISS\u00c3O, VIS\u00c3O E VALORES - Divamaq\" \/>\n<meta property=\"og:description\" content=\"MISS\u00c3O Atender com excel&ecirc;ncia as demandas dos clientes, pelo desenvolvimento e oferta de produtos e servi&ccedil;os que contribuam para a melhoria dos processos da ind&uacute;stria em geral, gerando riqueza de forma sustent&aacute;vel. Vis&atilde;o Ser empresa de excel&ecirc;ncia no mercado em que atua garantindo a satisfa&ccedil;&atilde;o dos clientes, colaboradores e fornecedores, sendo reconhecida como a melhor [&hellip;]\" \/>\n<meta property=\"og:url\" content=\"https:\/\/www.divamaq.com.br\/site\/missao-visao-e-valores\/\" \/>\n<meta property=\"og:site_name\" content=\"Divamaq\" \/>\n<meta property=\"article:publisher\" content=\"https:\/\/www.facebook.com\/divamaq\/\" \/>\n<meta property=\"article:modified_time\" content=\"2018-04-20T21:12:41+00:00\" \/>\n<meta name=\"twitter:card\" content=\"summary_large_image\" \/>\n<meta name=\"twitter:label1\" content=\"Est. tempo de leitura\" \/>\n\t<meta name=\"twitter:data1\" content=\"2 minutos\" \/>\n<script type=\"application\/ld+json\" class=\"yoast-schema-graph\">{\"@context\":\"https:\/\/schema.org\",\"@graph\":[{\"@type\":\"WebPage\",\"@id\":\"https:\/\/www.divamaq.com.br\/site\/missao-visao-e-valores\/\",\"url\":\"https:\/\/www.divamaq.com.br\/site\/missao-visao-e-valores\/\",\"name\":\"MISS\u00c3O, VIS\u00c3O E VALORES - Divamaq\",\"isPartOf\":{\"@id\":\"https:\/\/www.divamaq.com.br\/site\/#website\"},\"datePublished\":\"2018-04-20T20:04:12+00:00\",\"dateModified\":\"2018-04-20T21:12:41+00:00\",\"breadcrumb\":{\"@id\":\"https:\/\/www.divamaq.com.br\/site\/missao-visao-e-valores\/#breadcrumb\"},\"inLanguage\":\"pt-BR\",\"potentialAction\":[{\"@type\":\"ReadAction\",\"target\":[\"https:\/\/www.divamaq.com.br\/site\/missao-visao-e-valores\/\"]}]},{\"@type\":\"BreadcrumbList\",\"@id\":\"https:\/\/www.divamaq.com.br\/site\/missao-visao-e-valores\/#breadcrumb\",\"itemListElement\":[{\"@type\":\"ListItem\",\"position\":1,\"name\":\"In\u00edcio\",\"item\":\"https:\/\/www.divamaq.com.br\/site\/\"},{\"@type\":\"ListItem\",\"position\":2,\"name\":\"MISS\u00c3O, VIS\u00c3O E VALORES\"}]},{\"@type\":\"WebSite\",\"@id\":\"https:\/\/www.divamaq.com.br\/site\/#website\",\"url\":\"https:\/\/www.divamaq.com.br\/site\/\",\"name\":\"Divamaq\",\"description\":\"Sempre uma Solu\u00e7\u00e3o\",\"publisher\":{\"@id\":\"https:\/\/www.divamaq.com.br\/site\/#organization\"},\"potentialAction\":[{\"@type\":\"SearchAction\",\"target\":{\"@type\":\"EntryPoint\",\"urlTemplate\":\"https:\/\/www.divamaq.com.br\/site\/?s={search_term_string}\"},\"query-input\":{\"@type\":\"PropertyValueSpecification\",\"valueRequired\":true,\"valueName\":\"search_term_string\"}}],\"inLanguage\":\"pt-BR\"},{\"@type\":\"Organization\",\"@id\":\"https:\/\/www.divamaq.com.br\/site\/#organization\",\"name\":\"Divamaq - M\u00e1quinas para Embalar, Cortadeiras, Sistemas de Movimenta\u00e7\u00e3o, Transportadores e Fim de Linha\",\"url\":\"https:\/\/www.divamaq.com.br\/site\/\",\"logo\":{\"@type\":\"ImageObject\",\"inLanguage\":\"pt-BR\",\"@id\":\"https:\/\/www.divamaq.com.br\/site\/#\/schema\/logo\/image\/\",\"url\":\"https:\/\/www.divamaq.com.br\/site\/wp-content\/uploads\/2017\/09\/dmq-logo-cor-mobile.png\",\"contentUrl\":\"https:\/\/www.divamaq.com.br\/site\/wp-content\/uploads\/2017\/09\/dmq-logo-cor-mobile.png\",\"width\":120,\"height\":30,\"caption\":\"Divamaq - M\u00e1quinas para Embalar, Cortadeiras, Sistemas de Movimenta\u00e7\u00e3o, Transportadores e Fim de Linha\"},\"image\":{\"@id\":\"https:\/\/www.divamaq.com.br\/site\/#\/schema\/logo\/image\/\"},\"sameAs\":[\"https:\/\/www.facebook.com\/divamaq\/\",\"https:\/\/www.youtube.com\/user\/divamaq\/featured\"]}]}<\/script>\n<!-- \/ Yoast SEO plugin. -->","yoast_head_json":{"title":"MISS\u00c3O, VIS\u00c3O E VALORES - Divamaq","robots":{"index":"index","follow":"follow","max-snippet":"max-snippet:-1","max-image-preview":"max-image-preview:large","max-video-preview":"max-video-preview:-1"},"canonical":"https:\/\/www.divamaq.com.br\/site\/missao-visao-e-valores\/","og_locale":"pt_BR","og_type":"article","og_title":"MISS\u00c3O, VIS\u00c3O E VALORES - Divamaq","og_description":"MISS\u00c3O Atender com excel&ecirc;ncia as demandas dos clientes, pelo desenvolvimento e oferta de produtos e servi&ccedil;os que contribuam para a melhoria dos processos da ind&uacute;stria em geral, gerando riqueza de forma sustent&aacute;vel. Vis&atilde;o Ser empresa de excel&ecirc;ncia no mercado em que atua garantindo a satisfa&ccedil;&atilde;o dos clientes, colaboradores e fornecedores, sendo reconhecida como a melhor [&hellip;]","og_url":"https:\/\/www.divamaq.com.br\/site\/missao-visao-e-valores\/","og_site_name":"Divamaq","article_publisher":"https:\/\/www.facebook.com\/divamaq\/","article_modified_time":"2018-04-20T21:12:41+00:00","twitter_card":"summary_large_image","twitter_misc":{"Est. tempo de leitura":"2 minutos"},"schema":{"@context":"https:\/\/schema.org","@graph":[{"@type":"WebPage","@id":"https:\/\/www.divamaq.com.br\/site\/missao-visao-e-valores\/","url":"https:\/\/www.divamaq.com.br\/site\/missao-visao-e-valores\/","name":"MISS\u00c3O, VIS\u00c3O E VALORES - Divamaq","isPartOf":{"@id":"https:\/\/www.divamaq.com.br\/site\/#website"},"datePublished":"2018-04-20T20:04:12+00:00","dateModified":"2018-04-20T21:12:41+00:00","breadcrumb":{"@id":"https:\/\/www.divamaq.com.br\/site\/missao-visao-e-valores\/#breadcrumb"},"inLanguage":"pt-BR","potentialAction":[{"@type":"ReadAction","target":["https:\/\/www.divamaq.com.br\/site\/missao-visao-e-valores\/"]}]},{"@type":"BreadcrumbList","@id":"https:\/\/www.divamaq.com.br\/site\/missao-visao-e-valores\/#breadcrumb","itemListElement":[{"@type":"ListItem","position":1,"name":"In\u00edcio","item":"https:\/\/www.divamaq.com.br\/site\/"},{"@type":"ListItem","position":2,"name":"MISS\u00c3O, VIS\u00c3O E VALORES"}]},{"@type":"WebSite","@id":"https:\/\/www.divamaq.com.br\/site\/#website","url":"https:\/\/www.divamaq.com.br\/site\/","name":"Divamaq","description":"Sempre uma Solu\u00e7\u00e3o","publisher":{"@id":"https:\/\/www.divamaq.com.br\/site\/#organization"},"potentialAction":[{"@type":"SearchAction","target":{"@type":"EntryPoint","urlTemplate":"https:\/\/www.divamaq.com.br\/site\/?s={search_term_string}"},"query-input":{"@type":"PropertyValueSpecification","valueRequired":true,"valueName":"search_term_string"}}],"inLanguage":"pt-BR"},{"@type":"Organization","@id":"https:\/\/www.divamaq.com.br\/site\/#organization","name":"Divamaq - M\u00e1quinas para Embalar, Cortadeiras, Sistemas de Movimenta\u00e7\u00e3o, Transportadores e Fim de Linha","url":"https:\/\/www.divamaq.com.br\/site\/","logo":{"@type":"ImageObject","inLanguage":"pt-BR","@id":"https:\/\/www.divamaq.com.br\/site\/#\/schema\/logo\/image\/","url":"https:\/\/www.divamaq.com.br\/site\/wp-content\/uploads\/2017\/09\/dmq-logo-cor-mobile.png","contentUrl":"https:\/\/www.divamaq.com.br\/site\/wp-content\/uploads\/2017\/09\/dmq-logo-cor-mobile.png","width":120,"height":30,"caption":"Divamaq - M\u00e1quinas para Embalar, Cortadeiras, Sistemas de Movimenta\u00e7\u00e3o, Transportadores e Fim de Linha"},"image":{"@id":"https:\/\/www.divamaq.com.br\/site\/#\/schema\/logo\/image\/"},"sameAs":["https:\/\/www.facebook.com\/divamaq\/","https:\/\/www.youtube.com\/user\/divamaq\/featured"]}]}},"_links":{"self":[{"href":"https:\/\/www.divamaq.com.br\/site\/wp-json\/wp\/v2\/pages\/519","targetHints":{"allow":["GET"]}}],"collection":[{"href":"https:\/\/www.divamaq.com.br\/site\/wp-json\/wp\/v2\/pages"}],"about":[{"href":"https:\/\/www.divamaq.com.br\/site\/wp-json\/wp\/v2\/types\/page"}],"author":[{"embeddable":true,"href":"https:\/\/www.divamaq.com.br\/site\/wp-json\/wp\/v2\/users\/2"}],"replies":[{"embeddable":true,"href":"https:\/\/www.divamaq.com.br\/site\/wp-json\/wp\/v2\/comments?post=519"}],"version-history":[{"count":11,"href":"https:\/\/www.divamaq.com.br\/site\/wp-json\/wp\/v2\/pages\/519\/revisions"}],"predecessor-version":[{"id":545,"href":"https:\/\/www.divamaq.com.br\/site\/wp-json\/wp\/v2\/pages\/519\/revisions\/545"}],"wp:attachment":[{"href":"https:\/\/www.divamaq.com.br\/site\/wp-json\/wp\/v2\/media?parent=519"}],"curies":[{"name":"wp","href":"https:\/\/api.w.org\/{rel}","templated":true}]}}